{"id":976,"date":"2023-06-15T18:40:51","date_gmt":"2023-06-15T10:40:51","guid":{"rendered":"https:\/\/www.generations.edu.mo\/primary-education\/"},"modified":"2026-03-10T11:45:38","modified_gmt":"2026-03-10T03:45:38","slug":"primary-education","status":"publish","type":"page","link":"https:\/\/uat.generations.edu.mo\/pt-pt\/primary-education\/","title":{"rendered":"Programa Prim\u00e1rio"},"content":{"rendered":"\n<figure class=\"wp-block-image size-full is-resized\"><img decoding=\"async\" src=\"https:\/\/generations-edu-mo.ap-south-1.linodeobjects.com\/wp-content\/uploads\/2025\/08\/91e56b60_1754560371.jpg\" alt=\"\" class=\"wp-image-3703\" style=\"width:786px\"\/><\/figure>\n\n\n\n<div class=\"wp-block-group is-nowrap is-layout-flex wp-container-core-group-is-layout-2 wp-block-group-is-layout-flex\">\n<div class=\"wp-block-group is-vertical is-content-justification-left is-layout-flex wp-container-core-group-is-layout-1 wp-block-group-is-layout-flex\">\n<p class=\"has-large-font-size\" style=\"font-style:normal;font-weight:100\">O curr\u00edculo prim\u00e1rio da Gera\u00e7\u00f5es segue o quadro do Programa Prim\u00e1rio da IB (PYP), inspirado na filosofia educacional finlandesa, e \u00e9 concebido para alunos do P1 ao P6, com idades entre os 6 e os 12 anos.<\/p>\n\n\n\n<p class=\"has-large-font-size\" style=\"font-style:normal;font-weight:100\">O PYP proporciona aprendizagem essencial fundamentada na Filosofia Educacional Inspirada na Finl\u00e2ndia, no Perfil do Aluno da IB, nas Abordagens para a Aprendizagem, seis \u00c1reas de Mat\u00e9rias essenciais e seis Temas Transdisciplinares amplos.<\/p>\n\n\n\n<h2 class=\"wp-block-heading\"><strong>Filosofia Educacional Inspirada na Final\u00e2ndia<\/strong><\/h2>\n\n\n\n<p class=\"has-large-font-size\" style=\"font-style:normal;font-weight:100\">Complementamos o nosso PYP com a filosofia finlandesa, priorizando o bem-estar emocional, a resili\u00eancia e a paix\u00e3o pela aprendizagem ao lado do crescimento acad\u00e9mico. Esta combina\u00e7\u00e3o promove o equil\u00edbrio entre alto desempenho e compet\u00eancias de vida, proporcionando uma prepara\u00e7\u00e3o \u00f3tima para o ensino secund\u00e1rio.<\/p>\n\n\n\n<h2 class=\"wp-block-heading\"><strong>Perfil do Aluno da IB<\/strong><\/h2>\n\n\n\n<p class=\"has-large-font-size\" style=\"font-style:normal;font-weight:100\">O Perfil do Aluno da IB apresenta dez caracter\u00edsticas que toda a nossa comunidade acolhe dentro e fora da sala de aula. Apoiamos todos os membros da nossa comunidade de aprendizagem a serem:<\/p>\n\n\n\n<ul class=\"wp-block-list\">\n<li style=\"font-style:normal;font-weight:100\" class=\"has-large-font-size\">Inquiridores<\/li>\n\n\n\n<li style=\"font-style:normal;font-weight:100\" class=\"has-large-font-size\">Conhecedores<\/li>\n\n\n\n<li style=\"font-style:normal;font-weight:100\" class=\"has-large-font-size\">Pensadores<\/li>\n\n\n\n<li style=\"font-style:normal;font-weight:100\" class=\"has-large-font-size\">Comunicadores<\/li>\n\n\n\n<li style=\"font-style:normal;font-weight:100\" class=\"has-large-font-size\">Com princ\u00edpios<\/li>\n\n\n\n<li style=\"font-style:normal;font-weight:100\" class=\"has-large-font-size\">De mente aberta<\/li>\n\n\n\n<li style=\"font-style:normal;font-weight:100\" class=\"has-large-font-size\">Cuidadosos<\/li>\n\n\n\n<li style=\"font-style:normal;font-weight:100\" class=\"has-large-font-size\">Tomadores de riscos<\/li>\n\n\n\n<li style=\"font-style:normal;font-weight:100\" class=\"has-large-font-size\">Equilibrados<\/li>\n\n\n\n<li style=\"font-style:normal;font-weight:100\" class=\"has-large-font-size\">Reflexivos<\/li>\n<\/ul>\n\n\n\n<p class=\"has-large-font-size\" style=\"font-style:normal;font-weight:100\">Incorporar estas caracter\u00edsticas torna-nos melhores alunos e melhores pessoas.<\/p>\n\n\n\n<h2 class=\"wp-block-heading\"><strong>Abordagens para a Aprendizagem (ATL)<\/strong><\/h2>\n\n\n\n<p class=\"has-large-font-size\" style=\"font-style:normal;font-weight:100\">As Abordagens para a Aprendizagem no PYP s\u00e3o essenciais e ajudam os alunos a tornarem-se aprendizes aut\u00f3nomos e ao longo da vida. Estas compet\u00eancias s\u00e3o ensinadas especificamente, praticadas e avaliadas em unidades de indaga\u00e7\u00e3o transdisciplinares e mat\u00e9rias.<\/p>\n\n\n\n<p class=\"has-large-font-size\" style=\"font-style:normal;font-weight:100\">O quadro do PYP identifica cinco categorias chave de compet\u00eancias ATL, cada uma com subcompet\u00eancias adaptadas a jovens aprendizes:<\/p>\n\n\n\n<ul class=\"wp-block-list\">\n<li style=\"font-style:normal;font-weight:100\" class=\"has-large-font-size\">Compet\u00eancias de pensamento &#8211; Pensamento cr\u00edtico (an\u00e1lise de quest\u00f5es), pensamento criativo (ideias novas), transfer\u00eancia, reflex\u00e3o\/metacogni\u00e7\u00e3o<\/li>\n\n\n\n<li style=\"font-style:normal;font-weight:100\" class=\"has-large-font-size\">Compet\u00eancias de comunica\u00e7\u00e3o &#8211; Literacia (leitura, escrita), express\u00e3o (fala, escuta, n\u00e3o verbal)<\/li>\n\n\n\n<li style=\"font-style:normal;font-weight:100\" class=\"has-large-font-size\">Compet\u00eancias de investiga\u00e7\u00e3o \u2013 Literacia da informa\u00e7\u00e3o, literacia medi\u00e1tica, uso \u00e9tico da informa\u00e7\u00e3o<\/li>\n\n\n\n<li style=\"font-style:normal;font-weight:100\" class=\"has-large-font-size\">Compet\u00eancias de autogest\u00e3o \u2013 organiza\u00e7\u00e3o, gest\u00e3o do tempo, regula\u00e7\u00e3o emocional, perseveran\u00e7a<\/li>\n\n\n\n<li style=\"font-style:normal;font-weight:100\" class=\"has-large-font-size\">Compet\u00eancias sociais \u2013 colabora\u00e7\u00e3o, empatia, resolu\u00e7\u00e3o de conflitos<\/li>\n<\/ul>\n\n\n\n<p class=\"has-large-font-size\" style=\"font-style:normal;font-weight:100\">O curr\u00edculo prim\u00e1rio capacita os alunos a explorarem todos os aspectos do mundo \u00e0 sua volta atrav\u00e9s de uma abordagem baseada na indaga\u00e7\u00e3o que valoriza o pensamento cr\u00edtico e a resolu\u00e7\u00e3o de problemas alinhados com o quadro do PYP. Fomenta o desenvolvimento hol\u00edstico de compet\u00eancias sociais, emocionais e cognitivas num ambiente transdisciplinar onde os alunos lidam com conceitos vitais e participam em aprendizagem pr\u00e1ctica.<\/p>\n\n\n\n<h2 class=\"wp-block-heading\"><strong>\u00c1reas de Mat\u00e9rias<\/strong><\/h2>\n\n\n\n<ul class=\"wp-block-list\">\n<li style=\"font-style:normal;font-weight:100\" class=\"has-large-font-size\">L\u00edngua \u2013 Ingl\u00eas, Chin\u00eas e Portugu\u00eas<\/li>\n\n\n\n<li style=\"font-style:normal;font-weight:100\" class=\"has-large-font-size\">Matem\u00e1tica<\/li>\n\n\n\n<li style=\"font-style:normal;font-weight:100\" class=\"has-large-font-size\">Ci\u00eancias<\/li>\n\n\n\n<li style=\"font-style:normal;font-weight:100\" class=\"has-large-font-size\">Estudos Sociais<\/li>\n\n\n\n<li style=\"font-style:normal;font-weight:100\" class=\"has-large-font-size\">Artes \u2013 M\u00fasica e Artes Visuais<\/li>\n\n\n\n<li style=\"font-style:normal;font-weight:100\" class=\"has-large-font-size\">EPSF &#8211; Educa\u00e7\u00e3o Pessoal, Social e F\u00edsica<\/li>\n<\/ul>\n\n\n\n<p class=\"has-regular-font-size\" style=\"font-style:normal;font-weight:700\"><strong><em>L\u00edngua<\/em><\/strong> \u2013 Ingl\u00eas, Chin\u00eas e Portugu\u00eas<\/p>\n\n\n\n<p class=\"has-large-font-size\" style=\"font-style:normal;font-weight:100\">O desenvolvimento lingu\u00edstico no PYP enfatiza compet\u00eancias de comunica\u00e7\u00e3o nas \u00e1reas de audi\u00e7\u00e3o, fala, leitura e escrita. Os alunos exploram a sua l\u00edngua materna, uma segunda l\u00edngua e uma terceira l\u00edngua em contextos aut\u00eanticos como seja atrav\u00e9s de hist\u00f3rias, discuss\u00f5es e debates. Isto constr\u00f3i literacia enquanto se relaciona a temas transdisciplinares e incentiva a express\u00e3o de ideias e compreens\u00e3o cultural.<\/p>\n\n\n\n<p class=\"has-regular-font-size\" style=\"font-style:normal;font-weight:700\"><strong><em>Matem\u00e1tica<\/em><\/strong><\/p>\n\n\n\n<p class=\"has-large-font-size\" style=\"font-style:normal;font-weight:100\">A matem\u00e1tica prepara os alunos para resolverem problemas em cinco \u00e1reas:<\/p>\n\n\n\n<ul class=\"wp-block-list\">\n<li style=\"font-style:normal;font-weight:100\" class=\"has-large-font-size\">n\u00fameros,<\/li>\n\n\n\n<li style=\"font-style:normal;font-weight:100\" class=\"has-large-font-size\">formas e espa\u00e7os,<\/li>\n\n\n\n<li style=\"font-style:normal;font-weight:100\" class=\"has-large-font-size\">padr\u00f5es e rela\u00e7\u00f5es,<\/li>\n\n\n\n<li style=\"font-style:normal;font-weight:100\" class=\"has-large-font-size\">tratamento de dados,<\/li>\n\n\n\n<li style=\"font-style:normal;font-weight:100\" class=\"has-large-font-size\">medi\u00e7\u00f5es<\/li>\n<\/ul>\n\n\n\n<p class=\"has-large-font-size\" style=\"font-style:normal;font-weight:100\">A indaga\u00e7\u00e3o impulsiona a aprendizagem atrav\u00e9s de aplica\u00e7\u00f5es do mundo real como ordenar objetos ou representar dados meteorol\u00f3gicos em gr\u00e1ficos. Os alunos desenvolvem racioc\u00ednio e confian\u00e7a na aplica\u00e7\u00e3o da matem\u00e1tica em unidades de indaga\u00e7\u00e3o. O PYP torna a matem\u00e1tica interessante, e a sua abordagem pr\u00e1tica torna-a \u00fatil para jovens usarem para al\u00e9m da sala de aula.<\/p>\n\n\n\n<p class=\"has-regular-font-size\" style=\"font-style:normal;font-weight:700\"><strong><em>Ci\u00eancias<\/em><\/strong><\/p>\n\n\n\n<p class=\"has-large-font-size\" style=\"font-style:normal;font-weight:100\">As ci\u00eancias investigam seres vivos, Terra e espa\u00e7o, materiais e mat\u00e9ria, e for\u00e7as e energia atrav\u00e9s de explora\u00e7\u00e3o pr\u00e1tica. Os alunos observam, experimentam e reflectem sobre fen\u00f3menos naturais, fomentando a curiosidade sobre o mundo. A indaga\u00e7\u00e3o liga as ci\u00eancias ao impacto humano, construindo compet\u00eancias em previs\u00e3o, teste e aplica\u00e7\u00e3o \u00e9tica.<\/p>\n\n\n\n<p class=\"has-regular-font-size\" style=\"font-style:normal;font-weight:700\"><strong><em>Estudos Sociais<\/em><\/strong><\/p>\n\n\n\n<p class=\"has-large-font-size\" style=\"font-style:normal;font-weight:100\">Os estudos sociais abrangem sistemas humanos, comunidades, culturas e ambientes atrav\u00e9s de perspetivas locais e globais. Os alunos examinam hist\u00f3rias, economias, governa\u00e7\u00e3o e recursos, desenvolvendo a consciencializa\u00e7\u00e3o sobre o que s\u00e3o direitos e responsabilidades. A indaga\u00e7\u00e3o promove empatia e cidadania informada no contecto de civiliza\u00e7\u00f5es interligadas.<\/p>\n\n\n\n<p class=\"has-regular-font-size\" style=\"font-style:normal;font-weight:700\"><strong><em>Artes<\/em><\/strong><\/p>\n\n\n\n<p class=\"has-large-font-size\" style=\"font-style:normal;font-weight:100\">O nosso Programa de Artes do PYP, abrangendo m\u00fasica e artes visuais, nutre criatividade, autoexpress\u00e3o e confian\u00e7a. Os alunos exploram t\u00e9cnicas, elementos e contextos culturais enquanto refletem sobre emo\u00e7\u00f5es e ideias. As artes ajudam os alunos a dominarem conceitos de express\u00e3o, aprecia\u00e7\u00e3o est\u00e9tica e desempenho colaborativo.<\/p>\n\n\n\n<p class=\"has-regular-font-size\" style=\"font-style:normal;font-weight:700\"><strong><em>ESPF<\/em><\/strong><\/p>\n\n\n\n<p class=\"has-large-font-size\" style=\"font-style:normal;font-weight:100\">A educa\u00e7\u00e3o pessoal, social e f\u00edsica (EPSF) promove o bem-estar hol\u00edstico atrav\u00e9s de sa\u00fade, rela\u00e7\u00f5es e movimento. As \u00e1reas incluem identidade, intera\u00e7\u00f5es e vida activa, ensinadas atrav\u00e9s de jogos e desafios diversos. Promove a autorregula\u00e7\u00e3o, a resili\u00eancia e a coopera\u00e7\u00e3o com vista \u00e0 manuten\u00e7\u00e3o da sa\u00fade f\u00edsica e emocional ao longo da vida..<\/p>\n\n\n\n<h2 class=\"wp-block-heading\"><strong><em>Temas Transdisciplinares<\/em><\/strong><\/h2>\n\n\n\n<p class=\"has-large-font-size\" style=\"font-style:normal;font-weight:100\">Seis temas globais entrela\u00e7am as mat\u00e9rias acima mencionadas, provocando indaga\u00e7\u00f5es integradas que conectam conceitos entre disciplinas. Os temas transdisciplinares s\u00e3o:<\/p>\n\n\n\n<ul style=\"font-style:normal;font-weight:100\" class=\"wp-block-list has-large-font-size\">\n<li><strong><em>Quem Somos:<\/em><\/strong> Este tema explora identidade, cren\u00e7as, rela\u00e7\u00f5es e natureza humana. As indaga\u00e7\u00f5es abordam hist\u00f3rias pessoais, sa\u00fade, direitos e identidades culturais, ajudando os alunos a compreenderem-se como cidad\u00e3os globais.<\/li>\n<\/ul>\n\n\n\n<ul style=\"font-style:normal;font-weight:100\" class=\"wp-block-list has-large-font-size\">\n<li><em><strong>Onde Estamos no Tempo e no Espa\u00e7o<\/strong><\/em><strong><em>:<\/em><\/strong> Foca-se em orienta\u00e7\u00e3o, viagens, descobertas e civiliza\u00e7\u00f5es. Os alunos investigam lares, migra\u00e7\u00f5es e conex\u00f5es hist\u00f3ricas, revelando como eventos passados moldam comunidades presentes.<\/li>\n<\/ul>\n\n\n\n<ul style=\"font-style:normal;font-weight:100\" class=\"wp-block-list has-large-font-size\">\n<li><em><strong>Como Nos Exprimimos<\/strong><\/em><strong><em>:<\/em><\/strong> Examina a descoberta, a criatividade e a comunica\u00e7\u00e3o de ideias, sentimentos e culturas. Atrav\u00e9s das artes e media, os alunos refletem sobre experi\u00eancias est\u00e9ticas e formas diversas de express\u00e3o.<\/li>\n<\/ul>\n\n\n\n<ul style=\"font-style:normal;font-weight:100\" class=\"wp-block-list has-large-font-size\">\n<li><strong><em>Como funciona o Mundo:<\/em><\/strong> Investiga leis naturais, ci\u00eancia, tecnologia e intera\u00e7\u00f5es humanas com o ambiente. Os alunos exploram impactos sociais de for\u00e7as, sistemas e inova\u00e7\u00f5es.<\/li>\n<\/ul>\n\n\n\n<ul style=\"font-style:normal;font-weight:100\" class=\"wp-block-list has-large-font-size\">\n<li><strong><em>Como Nos Organizamos:<\/em><\/strong> Aprofunda sistemas humanos, organiza\u00e7\u00f5es, economia e tomada de decis\u00f5es. As indaga\u00e7\u00f5es revelam estruturas que afetam comunidades e ambientes globalmente.<\/li>\n<\/ul>\n\n\n\n<ul style=\"font-style:normal;font-weight:100\" class=\"wp-block-list has-large-font-size\">\n<li><strong><em>Partilha do Planeta:<\/em><\/strong> Aborda direitos, responsabilidades, recursos e conflitos. Os alunos exploram paz, equidade e sustentabilidade em comunidades e ecossistemas partilhados.<\/li>\n<\/ul>\n\n\n\n<h2 class=\"wp-block-heading\"><strong>Exposi\u00e7\u00e3o do PYP (PYPX<\/strong>)<\/h2>\n\n\n\n<p class=\"has-large-font-size\" style=\"font-style:normal;font-weight:100\">A Exposi\u00e7\u00e3o do PYP \u00e9 o evento culminante do Programa Prim\u00e1rio. No final do P6, os alunos exploram colaborativamente uma quest\u00e3o do mundo real \u00e0 sua escolha, demonstrando ag\u00eancia atrav\u00e9s de indaga\u00e7\u00e3o, investiga\u00e7\u00e3o e ac\u00e7\u00e3o. Aplicam compet\u00eancias transdisciplinares, o Perfil do Aluno da IB e conceitos atrav\u00e9s de temas para desenvolver autogest\u00e3o, comunica\u00e7\u00e3o e pensamento cr\u00edtico. A PYPX envolve partilhar investiga\u00e7\u00e3o estudantil dentro e para al\u00e9m da nossa comunidade escolar e \u00e9 um marco maior na sua jornada de aprendizagem. \u00c9 uma experi\u00eancia da qual os jovens nunca se esquecem.<\/p>\n<\/div>\n<\/div>\n\n\n\n<div class=\"wp-block-columns is-layout-flex wp-container-core-columns-is-layout-1 wp-block-columns-is-layout-flex\">\n<div class=\"wp-block-column is-layout-flow wp-block-column-is-layout-flow\">\n<figure class=\"wp-block-image aligncenter size-full is-resized\"><a href=\"https:\/\/www.sisuschools.com\/sisu-students\" target=\"_blank\" rel=\"noreferrer noopener\"><img loading=\"lazy\" decoding=\"async\" width=\"3176\" height=\"2669\" src=\"https:\/\/generations-edu-mo.ap-south-1.linodeobjects.com\/wp-content\/uploads\/2024\/08\/6854d81c_1723012822.png\" alt=\"\" class=\"wp-image-2556\" style=\"width:394px;height:auto\" srcset=\"https:\/\/generations-edu-mo.ap-south-1.linodeobjects.com\/wp-content\/uploads\/2024\/08\/6854d81c_1723012822.png 3176w, https:\/\/generations-edu-mo.ap-south-1.linodeobjects.com\/wp-content\/uploads\/2024\/08\/6854d81c_1723012822-768x645.png 768w\" sizes=\"(max-width: 3176px) 100vw, 3176px\" \/><\/a><\/figure>\n<\/div>\n\n\n\n<div class=\"wp-block-column is-layout-flow wp-block-column-is-layout-flow\">\n<figure class=\"wp-block-image alignleft size-full is-resized\"><a href=\"https:\/\/www.cambridgeinternational.org\/\" target=\"_blank\" rel=\"noreferrer noopener\"><img loading=\"lazy\" decoding=\"async\" width=\"1250\" height=\"1250\" src=\"https:\/\/generations-edu-mo.ap-south-1.linodeobjects.com\/wp-content\/uploads\/2024\/08\/fbc6d55b_1723020844.jpg\" alt=\"\" class=\"wp-image-2575\" style=\"width:394px\" srcset=\"https:\/\/generations-edu-mo.ap-south-1.linodeobjects.com\/wp-content\/uploads\/2024\/08\/fbc6d55b_1723020844.jpg 1250w, https:\/\/generations-edu-mo.ap-south-1.linodeobjects.com\/wp-content\/uploads\/2024\/08\/fbc6d55b_1723020844-768x768.jpg 768w\" sizes=\"(max-width: 1250px) 100vw, 1250px\" \/><\/a><\/figure>\n<\/div>\n<\/div>\n","protected":false},"excerpt":{"rendered":"<p>O curr\u00edculo prim\u00e1rio da Gera\u00e7\u00f5es segue o quadro do Programa Prim\u00e1rio da IB (PYP), inspirado na filosofia educacional finlandesa, e \u00e9 concebido para alunos do P1 ao P6, com idades entre os 6 e os 12 anos. O PYP proporciona aprendizagem essencial fundamentada na Filosofia Educacional Inspirada na Finl\u00e2ndia, no Perfil do Aluno da IB, [&hellip;]<\/p>\n","protected":false},"author":1,"featured_media":0,"parent":0,"menu_order":0,"comment_status":"closed","ping_status":"closed","template":"","meta":{"_acf_changed":false,"footnotes":""},"class_list":["post-976","page","type-page","status-publish","hentry"],"acf":{"banner":""},"_links":{"self":[{"href":"https:\/\/uat.generations.edu.mo\/pt-pt\/wp-json\/wp\/v2\/pages\/976"}],"collection":[{"href":"https:\/\/uat.generations.edu.mo\/pt-pt\/wp-json\/wp\/v2\/pages"}],"about":[{"href":"https:\/\/uat.generations.edu.mo\/pt-pt\/wp-json\/wp\/v2\/types\/page"}],"author":[{"embeddable":true,"href":"https:\/\/uat.generations.edu.mo\/pt-pt\/wp-json\/wp\/v2\/users\/1"}],"replies":[{"embeddable":true,"href":"https:\/\/uat.generations.edu.mo\/pt-pt\/wp-json\/wp\/v2\/comments?post=976"}],"version-history":[{"count":14,"href":"https:\/\/uat.generations.edu.mo\/pt-pt\/wp-json\/wp\/v2\/pages\/976\/revisions"}],"predecessor-version":[{"id":8854,"href":"https:\/\/uat.generations.edu.mo\/pt-pt\/wp-json\/wp\/v2\/pages\/976\/revisions\/8854"}],"wp:attachment":[{"href":"https:\/\/uat.generations.edu.mo\/pt-pt\/wp-json\/wp\/v2\/media?parent=976"}],"curies":[{"name":"wp","href":"https:\/\/api.w.org\/{rel}","templated":true}]}}