{"id":961,"date":"2023-06-15T18:40:45","date_gmt":"2023-06-15T10:40:45","guid":{"rendered":"https:\/\/www.generations.edu.mo\/kindergarten\/"},"modified":"2026-03-10T09:37:34","modified_gmt":"2026-03-10T01:37:34","slug":"kindergarten","status":"publish","type":"page","link":"https:\/\/uat.generations.edu.mo\/pt-pt\/kindergarten\/","title":{"rendered":"Programa dos Primeiros Anos"},"content":{"rendered":"\n<div class=\"wp-block-columns is-layout-flex wp-container-core-columns-is-layout-1 wp-block-columns-is-layout-flex\">\n<div class=\"wp-block-column is-layout-flow wp-block-column-is-layout-flow\">\n<p class=\"has-large-font-size\" style=\"font-style:normal;font-weight:100\">O Ensino Infantil na Gera\u00e7\u00f5es segue o quadro do Programa dos Primeiros Anos do Programa da IB (PYP), inspirado na filosofia educacional finlandesa e cuidadosamente adaptado para os nossos alunos do K1 ao K3, com idades entre os 3 e os 5 anos.<br><\/p>\n\n\n\n<p class=\"has-large-font-size\" style=\"font-style:normal;font-weight:100\">O Programa dos Primeiros Anos do PYP inclui seis \u00e1reas de mat\u00e9rias e seis temas transdisciplinares, integrados atrav\u00e9s de unidades de indaga\u00e7\u00e3o. Cada um fomenta a compreens\u00e3o conceptual, compet\u00eancias e as caracter\u00edsticas do Perfil do Aluno da IB.<\/p>\n<\/div>\n<\/div>\n\n\n\n<div class=\"wp-block-columns is-layout-flex wp-container-core-columns-is-layout-2 wp-block-columns-is-layout-flex\">\n<div class=\"wp-block-column is-layout-flow wp-block-column-is-layout-flow\">\n<div class=\"wp-block-group is-vertical is-content-justification-center is-layout-flex wp-container-core-group-is-layout-5 wp-block-group-is-layout-flex\">\n<div class=\"wp-block-group is-vertical is-content-justification-center is-layout-flex wp-container-core-group-is-layout-2 wp-block-group-is-layout-flex\">\n<figure class=\"wp-block-image size-full is-resized\"><img decoding=\"async\" src=\"https:\/\/generations-edu-mo.ap-south-1.linodeobjects.com\/wp-content\/uploads\/2025\/08\/9ecc5007_1754560209.jpg\" alt=\"\" class=\"wp-image-3697\" style=\"width:438px;height:auto\"\/><\/figure>\n\n\n\n<div class=\"wp-block-group is-layout-constrained wp-block-group-is-layout-constrained\">\n<h3 class=\"wp-block-heading has-text-align-center\">SISU Early Years<\/h3>\n\n\n\n<h4 class=\"wp-block-heading has-text-align-center\"><strong>K1-K2<\/strong><\/h4>\n<\/div>\n<\/div>\n\n\n\n<div class=\"wp-block-group is-vertical is-content-justification-center is-layout-flex wp-container-core-group-is-layout-4 wp-block-group-is-layout-flex\">\n<figure class=\"wp-block-image size-full is-resized\"><img decoding=\"async\" src=\"https:\/\/generations-edu-mo.ap-south-1.linodeobjects.com\/wp-content\/uploads\/2025\/08\/19086367_1754560171.jpg\" alt=\"\" class=\"wp-image-3688\" style=\"width:433px;height:auto\"\/><\/figure>\n\n\n\n<div class=\"wp-block-group is-layout-constrained wp-block-group-is-layout-constrained\">\n<h3 class=\"wp-block-heading has-text-align-center\">SISU Preschool<\/h3>\n\n\n\n<h4 class=\"wp-block-heading has-text-align-center\"><strong>K3<\/strong><\/h4>\n<\/div>\n<\/div>\n<\/div>\n<\/div>\n\n\n\n<div class=\"wp-block-column is-layout-flow wp-block-column-is-layout-flow\">\n<div class=\"wp-block-group is-vertical is-layout-flex wp-container-core-group-is-layout-6 wp-block-group-is-layout-flex\">\n<h3 class=\"wp-block-heading has-text-align-center\"><strong>Perfil do Aluno IB<\/strong><\/h3>\n\n\n\n<p class=\"has-large-font-size\" style=\"font-style:normal;font-weight:100\">O Perfil do Aluno da IB apresenta dez caracter\u00edsticas que toda a nossa comunidade acolhe dentro e fora da sala de aula. Apoiamos todos os membros da nossa comunidade a serem:<\/p>\n\n\n\n<ul class=\"wp-block-list\">\n<li style=\"font-style:normal;font-weight:100\" class=\"has-large-font-size\">Inquiridores<\/li>\n\n\n\n<li style=\"font-style:normal;font-weight:100\" class=\"has-large-font-size\">Conhecedores<\/li>\n\n\n\n<li style=\"font-style:normal;font-weight:100\" class=\"has-large-font-size\">Pensadores<\/li>\n\n\n\n<li style=\"font-style:normal;font-weight:100\" class=\"has-large-font-size\">Comunicadores<\/li>\n\n\n\n<li style=\"font-style:normal;font-weight:100\" class=\"has-large-font-size\">Com princ\u00edpios<\/li>\n\n\n\n<li style=\"font-style:normal;font-weight:100\" class=\"has-large-font-size\">Com mentes abertas<\/li>\n\n\n\n<li style=\"font-style:normal;font-weight:100\" class=\"has-large-font-size\">Cuidadosos<\/li>\n\n\n\n<li style=\"font-style:normal;font-weight:100\" class=\"has-large-font-size\">Tomadores de riscos<\/li>\n\n\n\n<li style=\"font-style:normal;font-weight:100\" class=\"has-large-font-size\">Equilibrados<\/li>\n\n\n\n<li style=\"font-style:normal;font-weight:100\" class=\"has-large-font-size\">Reflexivos<\/li>\n<\/ul>\n\n\n\n<p class=\"has-large-font-size\" style=\"font-style:normal;font-weight:100\">Incorporar estas caracter\u00edsticas faz de n\u00f3s melhores alunos e melhores pessoas.<\/p>\n\n\n\n<p class=\"has-large-font-size\" style=\"font-style:normal;font-weight:100\">As crian\u00e7as s\u00e3o incentivadas a explorar, questionar e descobrir o mundo \u00e0 sua volta num ambiente que celebra a curiosidade, criatividade e individualidade. O foco tril\u00edngue do programa \u2013 abrangendo ingl\u00eas, portugu\u00eas e chin\u00eas \u2013 com professores nativos nas tr\u00eas l\u00ednguas equipa os alunos com compet\u00eancias de comunica\u00e7\u00e3o essenciais enquanto fomenta a compreens\u00e3o cultural desde o in\u00edcio.<\/p>\n\n\n\n<p class=\"has-large-font-size\" style=\"font-style:normal;font-weight:100\">O curr\u00edculo dos Primeiros Anos nutre os nossos alunos mais novos atrav\u00e9s de uma abordagem baseada na indaga\u00e7\u00e3o e centrada no jogo e na brincadeira, alinhada com o quadro do PYP. Fomenta o desenvolvimento hol\u00edstico de compet\u00eancias sociais, emocionais, f\u00edsicas e cognitivas num ambiente de apoio transdisciplinar que enfatiza a aprendizagem pr\u00e1tica.Do K1 ao K3, os alunos participam em unidades de indaga\u00e7\u00e3o din\u00e2micas que constroem a compreens\u00e3o conceptual e compet\u00eancias essenciais, como a independ\u00eancia e a colabora\u00e7\u00e3o. As salas de aula enfatizam a explora\u00e7\u00e3o atrav\u00e9s de atividades em pequenos grupos e experi\u00eancias pr\u00e1ticas adaptadas \u00e0 etapa de desenvolvimento de cada crian\u00e7a.<\/p>\n<\/div>\n<\/div>\n<\/div>\n\n\n\n<div class=\"wp-block-columns is-layout-flex wp-container-core-columns-is-layout-3 wp-block-columns-is-layout-flex\">\n<div class=\"wp-block-column is-layout-flow wp-block-column-is-layout-flow\">\n<figure class=\"wp-block-image alignwide size-full\"><img loading=\"lazy\" decoding=\"async\" width=\"1028\" height=\"539\" src=\"https:\/\/generations-edu-mo.ap-south-1.linodeobjects.com\/wp-content\/uploads\/2023\/07\/404fc90d_1690781612.png\" alt=\"\" class=\"wp-image-399\" srcset=\"https:\/\/generations-edu-mo.ap-south-1.linodeobjects.com\/wp-content\/uploads\/2023\/07\/404fc90d_1690781612.png 1028w, https:\/\/generations-edu-mo.ap-south-1.linodeobjects.com\/wp-content\/uploads\/2023\/07\/404fc90d_1690781612-768x403.png 768w\" sizes=\"(max-width: 1028px) 100vw, 1028px\" \/><\/figure>\n\n\n\n<div style=\"height:100px\" aria-hidden=\"true\" class=\"wp-block-spacer\"><\/div>\n\n\n\n<div class=\"wp-block-group alignwide is-vertical is-layout-flex wp-container-core-group-is-layout-7 wp-block-group-is-layout-flex\">\n<h2 class=\"wp-block-heading\"><strong><br><br>Metodologia Inspirada na Finl\u00e2ndia<\/strong><\/h2>\n\n\n\n<p class=\"has-large-font-size\" style=\"font-style:normal;font-weight:100\">Apoiamos os nossos Primeiros Anos do PYP com ensino inspirado na Finl\u00e2ndia, priorizando o bem-estar emocional, a resili\u00eancia e a paix\u00e3o pela aprendizagem ao lado do crescimento acad\u00e9mico. Esta combina\u00e7\u00e3o promove o equil\u00edbrio entre alto desempenho e compet\u00eancias de vida, criando transi\u00e7\u00f5es suaves para os anos iniciais seguintes.<\/p>\n\n\n\n<h2 class=\"wp-block-heading\"><strong>Desenvolvimento de Compet\u00eancias Motoras<\/strong><\/h2>\n\n\n\n<p class=\"has-large-font-size\" style=\"font-style:normal;font-weight:100\">As compet\u00eancias motoras finas e grossas surgem naturalmente atrav\u00e9s de atividades pr\u00e1ticas como constru\u00e7\u00e3o, desenho e jogos de movimento, desenvolvendo coordena\u00e7\u00e3o, for\u00e7a e confian\u00e7a essenciais para a aprendizagem futura.<\/p>\n\n\n\n<h2 class=\"wp-block-heading\"><strong>\u00c1reas de Mat\u00e9rias<\/strong><\/h2>\n\n\n\n<p class=\"has-large-font-size\" style=\"font-style:normal;font-weight:100\">O Programa dos Primeiros Anos do PYP inclui seis \u00e1reas de mat\u00e9rias entrela\u00e7adas atrav\u00e9s de instru\u00e7\u00e3o especializada e unidades transdisciplinares:<\/p>\n\n\n\n<ul class=\"wp-block-list\">\n<li style=\"font-style:normal;font-weight:100\" class=\"has-large-font-size\">L\u00edngua &#8211; Ingl\u00eas, Chin\u00eas e Portugu\u00eas<\/li>\n\n\n\n<li style=\"font-style:normal;font-weight:100\" class=\"has-large-font-size\">Matem\u00e1tica &#8211; n\u00fameros, formas, padr\u00f5es, e medi\u00e7\u00e3o<\/li>\n\n\n\n<li style=\"font-style:normal;font-weight:100\" class=\"has-large-font-size\">Ci\u00eancias &#8211; seres vivos, Terra, materiais, energia e for\u00e7as<\/li>\n\n\n\n<li style=\"font-style:normal;font-weight:100\" class=\"has-large-font-size\">Estudos Sociais &#8211; comunidades, culturas, ambientes e pessoas<\/li>\n\n\n\n<li style=\"font-style:normal;font-weight:100\" class=\"has-large-font-size\">Artes \u2013 M\u00fasica e Arte Visual<\/li>\n\n\n\n<li style=\"font-style:normal;font-weight:100\" class=\"has-large-font-size\">EPSF \u2013 Educa\u00e7\u00e3o Pessoal, Social e F\u00edsica<\/li>\n<\/ul>\n\n\n\n<h2 class=\"wp-block-heading\"><strong>Temas Transdisciplinares<\/strong><\/h2>\n\n\n\n<p class=\"has-large-font-size\" style=\"font-style:normal;font-weight:100\">Seis temas globais entrela\u00e7am as mat\u00e9rias, provocando indaga\u00e7\u00f5es integradas que conectam conceitos entre disciplinas:<\/p>\n\n\n\n<ul class=\"wp-block-list\">\n<li style=\"font-style:normal;font-weight:100\" class=\"has-large-font-size\">Quem somos<\/li>\n\n\n\n<li style=\"font-style:normal;font-weight:100\" class=\"has-large-font-size\">Onde estamos no tempo e no espa\u00e7o<\/li>\n\n\n\n<li style=\"font-style:normal;font-weight:100\" class=\"has-large-font-size\">Como nos exprimimos<\/li>\n\n\n\n<li style=\"font-style:normal;font-weight:100\" class=\"has-large-font-size\">Como funciona o mundo<\/li>\n\n\n\n<li style=\"font-style:normal;font-weight:100\" class=\"has-large-font-size\">Como nos organizamos<\/li>\n\n\n\n<li style=\"font-style:normal;font-weight:100\" class=\"has-large-font-size\">Partilha do planeta<\/li>\n<\/ul>\n<\/div>\n<\/div>\n<\/div>\n\n\n\n<div class=\"wp-block-columns is-layout-flex wp-container-core-columns-is-layout-4 wp-block-columns-is-layout-flex\">\n<div class=\"wp-block-column is-layout-flow wp-block-column-is-layout-flow\">\n<figure class=\"wp-block-image alignright size-full is-resized\"><a href=\"https:\/\/www.sisuschools.com\/sisu-kids\"><img decoding=\"async\" src=\"https:\/\/generations-edu-mo.ap-south-1.linodeobjects.com\/wp-content\/uploads\/2025\/05\/c702cc56_1747646531-scaled.jpg\" alt=\"\" class=\"wp-image-3397\" style=\"width:254px;height:auto\"\/><\/a><\/figure>\n<\/div>\n\n\n\n<div class=\"wp-block-column is-layout-flow wp-block-column-is-layout-flow\">\n<figure class=\"wp-block-image size-full is-resized\"><a href=\"https:\/\/www.moominls.com\/\"><img decoding=\"async\" src=\"https:\/\/generations-edu-mo.ap-south-1.linodeobjects.com\/wp-content\/uploads\/2025\/05\/7ab83782_1747646059.png\" alt=\"\" class=\"wp-image-3389\" style=\"width:329px;height:auto\"\/><\/a><\/figure>\n<\/div>\n<\/div>\n","protected":false},"excerpt":{"rendered":"<p>O Ensino Infantil na Gera\u00e7\u00f5es segue o quadro do Programa dos Primeiros Anos do Programa da IB (PYP), inspirado na filosofia educacional finlandesa e cuidadosamente adaptado para os nossos alunos do K1 ao K3, com idades entre os 3 e os 5 anos. O Programa dos Primeiros Anos do PYP inclui seis \u00e1reas de mat\u00e9rias [&hellip;]<\/p>\n","protected":false},"author":1,"featured_media":0,"parent":0,"menu_order":0,"comment_status":"closed","ping_status":"closed","template":"","meta":{"_acf_changed":false,"footnotes":""},"class_list":["post-961","page","type-page","status-publish","hentry"],"acf":{"banner":""},"_links":{"self":[{"href":"https:\/\/uat.generations.edu.mo\/pt-pt\/wp-json\/wp\/v2\/pages\/961"}],"collection":[{"href":"https:\/\/uat.generations.edu.mo\/pt-pt\/wp-json\/wp\/v2\/pages"}],"about":[{"href":"https:\/\/uat.generations.edu.mo\/pt-pt\/wp-json\/wp\/v2\/types\/page"}],"author":[{"embeddable":true,"href":"https:\/\/uat.generations.edu.mo\/pt-pt\/wp-json\/wp\/v2\/users\/1"}],"replies":[{"embeddable":true,"href":"https:\/\/uat.generations.edu.mo\/pt-pt\/wp-json\/wp\/v2\/comments?post=961"}],"version-history":[{"count":10,"href":"https:\/\/uat.generations.edu.mo\/pt-pt\/wp-json\/wp\/v2\/pages\/961\/revisions"}],"predecessor-version":[{"id":8836,"href":"https:\/\/uat.generations.edu.mo\/pt-pt\/wp-json\/wp\/v2\/pages\/961\/revisions\/8836"}],"wp:attachment":[{"href":"https:\/\/uat.generations.edu.mo\/pt-pt\/wp-json\/wp\/v2\/media?parent=961"}],"curies":[{"name":"wp","href":"https:\/\/api.w.org\/{rel}","templated":true}]}}