{"id":769,"date":"2023-06-15T00:17:34","date_gmt":"2023-06-14T16:17:34","guid":{"rendered":"https:\/\/www.generations.edu.mo\/management-team\/"},"modified":"2024-01-24T17:28:40","modified_gmt":"2024-01-24T09:28:40","slug":"management-team","status":"publish","type":"page","link":"https:\/\/uat.generations.edu.mo\/pt-pt\/management-team\/","title":{"rendered":"Equipa de Gest\u00e3o"},"content":{"rendered":"\n<div class=\"wp-block-group is-content-justification-space-between is-nowrap is-layout-flex wp-container-core-group-is-layout-7 wp-block-group-is-layout-flex\">\n<div class=\"wp-block-group is-vertical is-content-justification-center is-layout-flex wp-container-core-group-is-layout-2 wp-block-group-is-layout-flex\">\n<figure class=\"wp-block-image size-full\"><img loading=\"lazy\" decoding=\"async\" width=\"300\" height=\"300\" src=\"https:\/\/www.generations.edu.mo\/wp-content\/uploads\/2023\/10\/49adbcea_1697208200.png\" alt=\"\" class=\"wp-image-472\" style=\"aspect-ratio:1;object-fit:cover\"\/><\/figure>\n\n\n\n<div class=\"wp-block-group is-layout-constrained wp-block-group-is-layout-constrained\">\n<h2 class=\"wp-block-heading has-text-align-center\">Dr. Leonel Alberto Alves<\/h2>\n<\/div>\n<\/div>\n\n\n\n<div class=\"wp-block-group is-vertical is-content-justification-center is-layout-flex wp-container-core-group-is-layout-4 wp-block-group-is-layout-flex\">\n<figure class=\"wp-block-image size-full\"><img loading=\"lazy\" decoding=\"async\" width=\"300\" height=\"300\" src=\"https:\/\/www.generations.edu.mo\/wp-content\/uploads\/2023\/10\/39248ed9_1697208208.png\" alt=\"\" class=\"wp-image-473\" style=\"aspect-ratio:1;object-fit:cover\"\/><\/figure>\n\n\n\n<div class=\"wp-block-group is-layout-constrained wp-block-group-is-layout-constrained\">\n<h2 class=\"wp-block-heading has-text-align-center\">Arq. Nuno Jorge<\/h2>\n<\/div>\n<\/div>\n\n\n\n<div class=\"wp-block-group is-vertical is-content-justification-center is-layout-flex wp-container-core-group-is-layout-6 wp-block-group-is-layout-flex\">\n<figure class=\"wp-block-image size-full\"><img loading=\"lazy\" decoding=\"async\" width=\"300\" height=\"300\" src=\"https:\/\/www.generations.edu.mo\/wp-content\/uploads\/2023\/10\/9e1a0d21_1697208215.png\" alt=\"\" class=\"wp-image-474\" style=\"aspect-ratio:1;object-fit:cover\"\/><\/figure>\n\n\n\n<div class=\"wp-block-group is-layout-constrained wp-block-group-is-layout-constrained\">\n<h2 class=\"wp-block-heading has-text-align-center\">CEO, Edith Jorge<\/h2>\n<\/div>\n<\/div>\n<\/div>\n\n\n\n<div class=\"wp-block-group is-layout-constrained wp-block-group-is-layout-constrained\">\n<p class=\"has-text-align-center\">A equipa de Gest\u00e3o de Gera\u00e7\u00f5es \u00e9 liderada por uma das fundadoras e CEO da escola, Edith Jorge, e \u00e9 composta por 3 partes que trabalham em conjunto para garantir o eficiente funcionamento da escola bem como a adequada implementa\u00e7\u00e3o da vis\u00e3o acad\u00e9mica:<\/p>\n\n\n\n<div class=\"wp-block-columns is-layout-flex wp-container-core-columns-is-layout-1 wp-block-columns-is-layout-flex\">\n<div class=\"wp-block-column is-layout-flow wp-block-column-is-layout-flow\">\n<div class=\"wp-block-group is-vertical is-content-justification-center is-layout-flex wp-container-core-group-is-layout-10 wp-block-group-is-layout-flex\">\n<div class=\"wp-block-group is-nowrap is-layout-flex wp-container-core-group-is-layout-9 wp-block-group-is-layout-flex\">\n<figure class=\"wp-block-image size-full\"><img loading=\"lazy\" decoding=\"async\" width=\"200\" height=\"200\" src=\"https:\/\/www.generations.edu.mo\/wp-content\/uploads\/2023\/11\/f9edd8d1_1700378457.png\" alt=\"\" class=\"wp-image-525\"\/><figcaption class=\"wp-element-caption\">Pekka Eksym\u00e4<a id=\"principal-linkedin\" href=\"https:\/\/www.linkedin.com\/in\/pekka-eksym%C3%A4\/\" target=\"_blank\" rel=\"noopener\">linkedin<\/a><\/figcaption><\/figure>\n\n\n\n<div class=\"wp-block-group is-layout-constrained wp-block-group-is-layout-constrained\">\n<h2 class=\"wp-block-heading has-text-align-left\">PRINCIPAL<\/h2>\n\n\n\n<p class=\"has-text-align-left\">Pekka Eksym\u00e4, the Principal of our school, is responsible for implementing the academic program and advise on further developments of the school program. He also ensures the implementation of the Finnish philosophy, the respective teacher training and coordination.<\/p>\n<\/div>\n<\/div>\n<\/div>\n<\/div>\n\n\n\n<div class=\"wp-block-column is-layout-flow wp-block-column-is-layout-flow\">\n<div class=\"wp-block-group is-vertical is-content-justification-center is-layout-flex wp-container-core-group-is-layout-11 wp-block-group-is-layout-flex\">\n<h2 class=\"wp-block-heading has-text-align-left\"><strong>DEPARTAMENTO DE OPERA\u00c7\u00d5ES<\/strong><\/h2>\n\n\n\n<p>Este departamento \u00e9 liderado pela Diretora de Opera\u00e7\u00f5es, Marisa Nunes, sendo a sua principal responsabilidade a de garantir que o funcionamento da escola seja sempre eficiente e eficaz.<\/p>\n\n\n\n<p>Este Departamento \u00e9 respons\u00e1vel por uma s\u00e9rie de componentes n\u00e3o acad\u00e9micas, incluindo, entre outras, IT, Marketing e Redes Sociais, Gest\u00e3o de Instala\u00e7\u00f5es, Compras e quaisquer eventos em que haja necessidade de apoio log\u00edstico significativo.&nbsp;<\/p>\n<\/div>\n<\/div>\n\n\n\n<div class=\"wp-block-column is-layout-flow wp-block-column-is-layout-flow\">\n<div class=\"wp-block-group is-vertical is-content-justification-center is-layout-flex wp-container-core-group-is-layout-12 wp-block-group-is-layout-flex\">\n<h2 class=\"wp-block-heading has-text-align-left\"><strong>FINAN\u00c7AS E SERVI\u00c7OS ADMINISTRATIVOS<\/strong><\/h2>\n\n\n\n<p>Este departamento, liderado pela Diretora Joey Lao, \u00e9 respons\u00e1vel por \u00e1reas cruciais como sejam as Finan\u00e7as, os Recursos Humanos e faz a liga\u00e7\u00e3o da escola com todos os organismos governamentais. Este departamento tamb\u00e9m apoia o Departamento Acad\u00e9mico no que diz respeito aos Assuntos Estudantis.<\/p>\n<\/div>\n<\/div>\n<\/div>\n<\/div>\n","protected":false},"excerpt":{"rendered":"<p>Dr. Leonel Alberto Alves Arq. Nuno Jorge CEO, Edith Jorge A equipa de Gest\u00e3o de Gera\u00e7\u00f5es \u00e9 liderada por uma das fundadoras e CEO da escola, Edith Jorge, e \u00e9 composta por 3 partes que trabalham em conjunto para garantir o eficiente funcionamento da escola bem como a adequada implementa\u00e7\u00e3o da vis\u00e3o acad\u00e9mica: PRINCIPAL Pekka [&hellip;]<\/p>\n","protected":false},"author":1,"featured_media":0,"parent":0,"menu_order":0,"comment_status":"closed","ping_status":"closed","template":"","meta":{"_acf_changed":false,"footnotes":""},"class_list":["post-769","page","type-page","status-publish","hentry"],"acf":{"banner":""},"_links":{"self":[{"href":"https:\/\/uat.generations.edu.mo\/pt-pt\/wp-json\/wp\/v2\/pages\/769"}],"collection":[{"href":"https:\/\/uat.generations.edu.mo\/pt-pt\/wp-json\/wp\/v2\/pages"}],"about":[{"href":"https:\/\/uat.generations.edu.mo\/pt-pt\/wp-json\/wp\/v2\/types\/page"}],"author":[{"embeddable":true,"href":"https:\/\/uat.generations.edu.mo\/pt-pt\/wp-json\/wp\/v2\/users\/1"}],"replies":[{"embeddable":true,"href":"https:\/\/uat.generations.edu.mo\/pt-pt\/wp-json\/wp\/v2\/comments?post=769"}],"version-history":[{"count":2,"href":"https:\/\/uat.generations.edu.mo\/pt-pt\/wp-json\/wp\/v2\/pages\/769\/revisions"}],"predecessor-version":[{"id":1175,"href":"https:\/\/uat.generations.edu.mo\/pt-pt\/wp-json\/wp\/v2\/pages\/769\/revisions\/1175"}],"wp:attachment":[{"href":"https:\/\/uat.generations.edu.mo\/pt-pt\/wp-json\/wp\/v2\/media?parent=769"}],"curies":[{"name":"wp","href":"https:\/\/api.w.org\/{rel}","templated":true}]}}