{"id":2490,"date":"2024-08-07T10:15:57","date_gmt":"2024-08-07T02:15:57","guid":{"rendered":"https:\/\/uat.generations.edu.mo\/?page_id=2490"},"modified":"2024-08-07T10:16:57","modified_gmt":"2024-08-07T02:16:57","slug":"emprego-na-geracoes","status":"publish","type":"page","link":"https:\/\/uat.generations.edu.mo\/pt-pt\/emprego-na-geracoes\/","title":{"rendered":"Emprego na GERA\u00c7\u00d5ES"},"content":{"rendered":"\n<p>A GERA\u00c7\u00d5ES oferece um ambiente de trabalho motivador. A nossa dedicada equipa constitui o cora\u00e7\u00e3o de tudo o que a Escola faz e tudo o que ela conquista.<\/p>\n\n\n\n<p><\/p>\n\n\n\n<p><em>Adicionar RH \u2013 Posi\u00e7\u00f5es Abertas<\/em><\/p>\n\n\n\n<p>Obrigado pelo seu interesse na Fam\u00edlia GERA\u00c7\u00d5ES. Atualmente n\u00e3o h\u00e1 vagas abertas.<\/p>\n\n\n\n<p><\/p>\n\n\n\n<p>A GERA\u00c7\u00d5ES usa a plataforma Teachaway para procurar talentos acad\u00e9micos, por isso convidamo-lo a considerar fazer parte desta comunidade cada vez maior de especialistas em educa\u00e7\u00e3o.<\/p>\n","protected":false},"excerpt":{"rendered":"<p>A GERA\u00c7\u00d5ES oferece um ambiente de trabalho motivador. A nossa dedicada equipa constitui o cora\u00e7\u00e3o de tudo o que a Escola faz e tudo o que ela conquista. Adicionar RH \u2013 Posi\u00e7\u00f5es Abertas Obrigado pelo seu interesse na Fam\u00edlia GERA\u00c7\u00d5ES. Atualmente n\u00e3o h\u00e1 vagas abertas. A GERA\u00c7\u00d5ES usa a plataforma Teachaway para procurar talentos acad\u00e9micos, [&hellip;]<\/p>\n","protected":false},"author":1,"featured_media":0,"parent":0,"menu_order":0,"comment_status":"closed","ping_status":"closed","template":"","meta":{"_acf_changed":false,"footnotes":""},"class_list":["post-2490","page","type-page","status-publish","hentry"],"acf":{"banner":""},"_links":{"self":[{"href":"https:\/\/uat.generations.edu.mo\/pt-pt\/wp-json\/wp\/v2\/pages\/2490"}],"collection":[{"href":"https:\/\/uat.generations.edu.mo\/pt-pt\/wp-json\/wp\/v2\/pages"}],"about":[{"href":"https:\/\/uat.generations.edu.mo\/pt-pt\/wp-json\/wp\/v2\/types\/page"}],"author":[{"embeddable":true,"href":"https:\/\/uat.generations.edu.mo\/pt-pt\/wp-json\/wp\/v2\/users\/1"}],"replies":[{"embeddable":true,"href":"https:\/\/uat.generations.edu.mo\/pt-pt\/wp-json\/wp\/v2\/comments?post=2490"}],"version-history":[{"count":1,"href":"https:\/\/uat.generations.edu.mo\/pt-pt\/wp-json\/wp\/v2\/pages\/2490\/revisions"}],"predecessor-version":[{"id":2491,"href":"https:\/\/uat.generations.edu.mo\/pt-pt\/wp-json\/wp\/v2\/pages\/2490\/revisions\/2491"}],"wp:attachment":[{"href":"https:\/\/uat.generations.edu.mo\/pt-pt\/wp-json\/wp\/v2\/media?parent=2490"}],"curies":[{"name":"wp","href":"https:\/\/api.w.org\/{rel}","templated":true}]}}