{"id":1095,"date":"2023-07-07T15:41:28","date_gmt":"2023-07-07T07:41:28","guid":{"rendered":"https:\/\/www.generations.edu.mo\/meal\/"},"modified":"2026-05-04T10:44:28","modified_gmt":"2026-05-04T02:44:28","slug":"meal","status":"publish","type":"page","link":"https:\/\/uat.generations.edu.mo\/pt-pt\/meal\/","title":{"rendered":"Refei\u00e7\u00f5es e Lanches"},"content":{"rendered":"\n<div class=\"wp-block-buttons is-vertical is-content-justification-center is-layout-flex wp-container-core-buttons-is-layout-1 wp-block-buttons-is-layout-flex\">\n<div class=\"wp-block-button\"><a class=\"wp-block-button__link wp-element-button\" href=\"https:\/\/generations-edu-mo.ap-south-1.linodeobjects.com\/wp-content\/uploads\/2025\/09\/a738adb0_1758263151.pdf\" target=\"_blank\" rel=\"noreferrer noopener\">Descarregar Menu Mensal &#8211; Maio de 2026<\/a><\/div>\n<\/div>\n\n\n\n<div class=\"wp-block-buttons is-vertical is-content-justification-center is-layout-flex wp-container-core-buttons-is-layout-2 wp-block-buttons-is-layout-flex\">\n<div class=\"wp-block-button\"><a class=\"wp-block-button__link wp-element-button\" href=\"https:\/\/generations-edu-mo.ap-south-1.linodeobjects.com\/wp-content\/uploads\/2025\/09\/a738adb0_1758263151.pdf\" target=\"_blank\" rel=\"noreferrer noopener\">Descarregar Menu Mensal &#8211; Maio de 2026<\/a><\/div>\n<\/div>\n\n\n\n<div style=\"height:50px\" aria-hidden=\"true\" class=\"wp-block-spacer\"><\/div>\n\n\n\n<div class=\"wp-block-group is-layout-constrained wp-block-group-is-layout-constrained\">\n<p>A nutri\u00e7\u00e3o \u00e9 um pilar fundamental de qualquer Programa de Bem-Estar, pelo que a GERA\u00c7\u00d5ES coloca grande cuidado para que as instala\u00e7\u00f5es escolares e a escolha de parceiros reflictam adequadamente este valor. A escola tem uma cozinha pr\u00f3pria de qualidade ao n\u00edvel da restaura\u00e7\u00e3o comercial onde as refei\u00e7\u00f5es s\u00e3o preparadas diariamente. O menu \u00e9 de inspira\u00e7\u00e3o portuguesa, mas est\u00e1 em constante evolu\u00e7\u00e3o com base nas prefer\u00eancias de alunos e funcion\u00e1rios e incorpora pratos asi\u00e1ticos, com op\u00e7\u00f5es di\u00e1rias de caldo chin\u00eas e sopa portuguesa. Cada vez mais, incluir\u00e1 mais pratos locais e internacionais, proporcionando mais sabores e elevada nutri\u00e7\u00e3o \u00e0 comunidade GERA\u00c7\u00d5ES.<\/p>\n\n\n\n<p>Todas as necessidades e prefer\u00eancias alimentares s\u00e3o cuidadosamente respeitadas, e as fam\u00edlias s\u00e3o solicitadas a fornecer todas as informa\u00e7\u00f5es relevantes para que o pessoal da cantina possa atender eficazmente \u00e0s necessidades individuais. Os menus mensais, bem como as pol\u00edticas de almo\u00e7o e lanches, s\u00e3o partilhados de forma transparente com pais, alunos e funcion\u00e1rios para manter a comunidade informada e envolvida.<\/p>\n\n\n\n<p>Os servi\u00e7os de restaura\u00e7\u00e3o s\u00e3o prestados pela Trigo D&#8217;Ouro, com esta parceria a garantir op\u00e7\u00f5es de refei\u00e7\u00f5es equilibradas e de elevada qualidade que apoiam o bem-estar geral e o desenvolvimento dos alunos. A \u00eanfase em alimentos frescos e saud\u00e1veis est\u00e1 alinhada com o compromisso da GERA\u00c7\u00d5ES em fomentar n\u00e3o apenas a excel\u00eancia acad\u00e9mica, mas tamb\u00e9m estilos de vida saud\u00e1veis, tornando a oferta de alimentos e bebidas parte integrante da abordagem hol\u00edstica da escola para a educa\u00e7\u00e3o.<\/p>\n<\/div>\n\n\n\n<figure class=\"wp-block-image aligncenter size-full is-resized\"><img loading=\"lazy\" decoding=\"async\" width=\"2560\" height=\"1707\" src=\"https:\/\/generations-edu-mo.ap-south-1.linodeobjects.com\/wp-content\/uploads\/2026\/01\/d6b7cfdd_1767596484-scaled.jpg\" alt=\"\" class=\"wp-image-7584\" style=\"width:958px;height:auto\" srcset=\"https:\/\/generations-edu-mo.ap-south-1.linodeobjects.com\/wp-content\/uploads\/2026\/01\/d6b7cfdd_1767596484-scaled.jpg 2560w, https:\/\/generations-edu-mo.ap-south-1.linodeobjects.com\/wp-content\/uploads\/2026\/01\/d6b7cfdd_1767596484-768x512.jpg 768w\" sizes=\"(max-width: 2560px) 100vw, 2560px\" \/><\/figure>\n","protected":false},"excerpt":{"rendered":"<p>A nutri\u00e7\u00e3o \u00e9 um pilar fundamental de qualquer Programa de Bem-Estar, pelo que a GERA\u00c7\u00d5ES coloca grande cuidado para que as instala\u00e7\u00f5es escolares e a escolha de parceiros reflictam adequadamente este valor. A escola tem uma cozinha pr\u00f3pria de qualidade ao n\u00edvel da restaura\u00e7\u00e3o comercial onde as refei\u00e7\u00f5es s\u00e3o preparadas diariamente. O menu \u00e9 de [&hellip;]<\/p>\n","protected":false},"author":1,"featured_media":0,"parent":0,"menu_order":0,"comment_status":"closed","ping_status":"closed","template":"","meta":{"_acf_changed":false,"footnotes":""},"class_list":["post-1095","page","type-page","status-publish","hentry"],"acf":{"banner":""},"_links":{"self":[{"href":"https:\/\/uat.generations.edu.mo\/pt-pt\/wp-json\/wp\/v2\/pages\/1095"}],"collection":[{"href":"https:\/\/uat.generations.edu.mo\/pt-pt\/wp-json\/wp\/v2\/pages"}],"about":[{"href":"https:\/\/uat.generations.edu.mo\/pt-pt\/wp-json\/wp\/v2\/types\/page"}],"author":[{"embeddable":true,"href":"https:\/\/uat.generations.edu.mo\/pt-pt\/wp-json\/wp\/v2\/users\/1"}],"replies":[{"embeddable":true,"href":"https:\/\/uat.generations.edu.mo\/pt-pt\/wp-json\/wp\/v2\/comments?post=1095"}],"version-history":[{"count":13,"href":"https:\/\/uat.generations.edu.mo\/pt-pt\/wp-json\/wp\/v2\/pages\/1095\/revisions"}],"predecessor-version":[{"id":10535,"href":"https:\/\/uat.generations.edu.mo\/pt-pt\/wp-json\/wp\/v2\/pages\/1095\/revisions\/10535"}],"wp:attachment":[{"href":"https:\/\/uat.generations.edu.mo\/pt-pt\/wp-json\/wp\/v2\/media?parent=1095"}],"curies":[{"name":"wp","href":"https:\/\/api.w.org\/{rel}","templated":true}]}}