{"id":1087,"date":"2023-06-15T18:42:22","date_gmt":"2023-06-15T10:42:22","guid":{"rendered":"https:\/\/www.generations.edu.mo\/transportation\/"},"modified":"2025-12-11T14:59:33","modified_gmt":"2025-12-11T06:59:33","slug":"transportation","status":"publish","type":"page","link":"https:\/\/uat.generations.edu.mo\/pt-pt\/transportation\/","title":{"rendered":"Servi\u00e7os de Transporte"},"content":{"rendered":"\n<div class=\"wp-block-group is-nowrap is-layout-flex wp-container-core-group-is-layout-4 wp-block-group-is-layout-flex\">\n<div class=\"wp-block-group is-vertical is-layout-flex wp-container-core-group-is-layout-3 wp-block-group-is-layout-flex\">\n<p>A GERA\u00c7\u00d5ES oferece um servi\u00e7o de transporte abrangente com vista a garantir a desloca\u00e7\u00e3o segura, fi\u00e1vel e confort\u00e1vel dos alunos de e para a escola. A frota de transporte \u00e9 composta por autocarros bem conservados, operados por motoristas licenciados e experientes que priorizam a seguran\u00e7a e o bem-estar dos estudantes. As rotas s\u00e3o cuidadosamente planeadas para cobrir v\u00e1rios bairros de Macau, permitindo conveni\u00eancia e acessibilidade para as fam\u00edlias que vivem em diferentes \u00e1reas, com pontos de recolha a serem adaptados e organizados para estarem o mais perto poss\u00edvel das resid\u00eancias dos alunos. O servi\u00e7o funciona num hor\u00e1rio rigoroso, garantindo chegadas e partidas atempadas que se alinham com o hor\u00e1rio escolar e atividades extracurriculares. Al\u00e9m disso, um servi\u00e7o de autorcarros tardio est\u00e1 dispon\u00edvel para os alunos que participam de programas p\u00f3s-escolares, proporcionando mais flexibilidade para as fam\u00edlias. A oferta de transporte reflete o compromisso da GERA\u00c7\u00d5ES em apoiar as fam\u00edlias com uma log\u00edstica confi\u00e1vel, permitindo que os alunos se concentrem em seu aprendizado e desenvolvimento em um ambiente seguro.<\/p>\n\n\n\n<div class=\"wp-block-group is-layout-constrained wp-block-group-is-layout-constrained\">\n<p>Para mais informa\u00e7\u00f5es sobre rotas, hor\u00e1rios e pre\u00e7\u00e1rio convidamo-lo(a) a entrar em contacto com a escola.<\/p>\n<\/div>\n\n\n\n<p>Para pedidos ou informa\u00e7\u00f5es sobre o servi\u00e7o de transporte escolar, ligue-nos <a href=\"tel:+85328883399\">+853 2888 3399<\/a> ou envie um email para <a href=\"mailto:ops@generations.edu.mo\">ops@generations.edu.mo<\/a>.<\/p>\n\n\n\n<div class=\"wp-block-group is-layout-constrained wp-block-group-is-layout-constrained\"><\/div>\n<\/div>\n<\/div>\n","protected":false},"excerpt":{"rendered":"<p>A GERA\u00c7\u00d5ES oferece um servi\u00e7o de transporte abrangente com vista a garantir a desloca\u00e7\u00e3o segura, fi\u00e1vel e confort\u00e1vel dos alunos de e para a escola. A frota de transporte \u00e9 composta por autocarros bem conservados, operados por motoristas licenciados e experientes que priorizam a seguran\u00e7a e o bem-estar dos estudantes. As rotas s\u00e3o cuidadosamente planeadas [&hellip;]<\/p>\n","protected":false},"author":1,"featured_media":0,"parent":0,"menu_order":0,"comment_status":"closed","ping_status":"closed","template":"","meta":{"_acf_changed":false,"footnotes":""},"class_list":["post-1087","page","type-page","status-publish","hentry"],"acf":{"banner":""},"_links":{"self":[{"href":"https:\/\/uat.generations.edu.mo\/pt-pt\/wp-json\/wp\/v2\/pages\/1087"}],"collection":[{"href":"https:\/\/uat.generations.edu.mo\/pt-pt\/wp-json\/wp\/v2\/pages"}],"about":[{"href":"https:\/\/uat.generations.edu.mo\/pt-pt\/wp-json\/wp\/v2\/types\/page"}],"author":[{"embeddable":true,"href":"https:\/\/uat.generations.edu.mo\/pt-pt\/wp-json\/wp\/v2\/users\/1"}],"replies":[{"embeddable":true,"href":"https:\/\/uat.generations.edu.mo\/pt-pt\/wp-json\/wp\/v2\/comments?post=1087"}],"version-history":[{"count":5,"href":"https:\/\/uat.generations.edu.mo\/pt-pt\/wp-json\/wp\/v2\/pages\/1087\/revisions"}],"predecessor-version":[{"id":6631,"href":"https:\/\/uat.generations.edu.mo\/pt-pt\/wp-json\/wp\/v2\/pages\/1087\/revisions\/6631"}],"wp:attachment":[{"href":"https:\/\/uat.generations.edu.mo\/pt-pt\/wp-json\/wp\/v2\/media?parent=1087"}],"curies":[{"name":"wp","href":"https:\/\/api.w.org\/{rel}","templated":true}]}}