{"id":1055,"date":"2023-07-07T15:36:43","date_gmt":"2023-07-07T07:36:43","guid":{"rendered":"https:\/\/www.generations.edu.mo\/regulatory-documents\/"},"modified":"2025-12-11T15:21:13","modified_gmt":"2025-12-11T07:21:13","slug":"regulatory-documents","status":"publish","type":"page","link":"https:\/\/uat.generations.edu.mo\/pt-pt\/regulatory-documents\/","title":{"rendered":"Documentos Regulamentares"},"content":{"rendered":"\n<p>A GERA\u00c7\u00d5ES oferece \u00e0s fam\u00edlias acesso a um conjunto abrangente de documentos regulat\u00f3rios que regem as opera\u00e7\u00f5es escolares, os padr\u00f5es acad\u00e9micos, a avalia\u00e7\u00e3o dos alunos e as pol\u00edticas de bem-estar. Estes documentos garantem que as fam\u00edlias est\u00e3o bem informadas sobre o cumprimento da escola com as leis educacionais de Macau e os requisitos de acredita\u00e7\u00e3o internacional. Incluem informa\u00e7\u00f5es detalhadas sobre regulamentos de avalia\u00e7\u00e3o, pol\u00edticas de admiss\u00e3o, propinas e propinas, servi\u00e7os de apoio ao estudante e c\u00f3digo de conduta. Ao disponibilizar prontamente estes documentos, a GERA\u00c7\u00d5ES demonstra o seu compromisso com a presta\u00e7\u00e3o de contas, a parceria com as fam\u00edlias e a manuten\u00e7\u00e3o de elevados padr\u00f5es de qualidade e seguran\u00e7a educativa. Esta transpar\u00eancia promove a confian\u00e7a e a colabora\u00e7\u00e3o entre a escola e a comunidade que serve, apoiando uma miss\u00e3o partilhada de nutrir alunos completos e com uma mentalidade global.<\/p>\n","protected":false},"excerpt":{"rendered":"<p>A GERA\u00c7\u00d5ES oferece \u00e0s fam\u00edlias acesso a um conjunto abrangente de documentos regulat\u00f3rios que regem as opera\u00e7\u00f5es escolares, os padr\u00f5es acad\u00e9micos, a avalia\u00e7\u00e3o dos alunos e as pol\u00edticas de bem-estar. Estes documentos garantem que as fam\u00edlias est\u00e3o bem informadas sobre o cumprimento da escola com as leis educacionais de Macau e os requisitos de acredita\u00e7\u00e3o [&hellip;]<\/p>\n","protected":false},"author":1,"featured_media":0,"parent":0,"menu_order":0,"comment_status":"closed","ping_status":"closed","template":"regulatory-documents.php","meta":{"_acf_changed":false,"footnotes":""},"class_list":["post-1055","page","type-page","status-publish","hentry"],"acf":{"banner":""},"_links":{"self":[{"href":"https:\/\/uat.generations.edu.mo\/pt-pt\/wp-json\/wp\/v2\/pages\/1055"}],"collection":[{"href":"https:\/\/uat.generations.edu.mo\/pt-pt\/wp-json\/wp\/v2\/pages"}],"about":[{"href":"https:\/\/uat.generations.edu.mo\/pt-pt\/wp-json\/wp\/v2\/types\/page"}],"author":[{"embeddable":true,"href":"https:\/\/uat.generations.edu.mo\/pt-pt\/wp-json\/wp\/v2\/users\/1"}],"replies":[{"embeddable":true,"href":"https:\/\/uat.generations.edu.mo\/pt-pt\/wp-json\/wp\/v2\/comments?post=1055"}],"version-history":[{"count":3,"href":"https:\/\/uat.generations.edu.mo\/pt-pt\/wp-json\/wp\/v2\/pages\/1055\/revisions"}],"predecessor-version":[{"id":6653,"href":"https:\/\/uat.generations.edu.mo\/pt-pt\/wp-json\/wp\/v2\/pages\/1055\/revisions\/6653"}],"wp:attachment":[{"href":"https:\/\/uat.generations.edu.mo\/pt-pt\/wp-json\/wp\/v2\/media?parent=1055"}],"curies":[{"name":"wp","href":"https:\/\/api.w.org\/{rel}","templated":true}]}}