{"id":1048,"date":"2023-06-15T18:41:41","date_gmt":"2023-06-15T10:41:41","guid":{"rendered":"https:\/\/www.generations.edu.mo\/school-calendar\/"},"modified":"2025-12-29T10:41:03","modified_gmt":"2025-12-29T02:41:03","slug":"school-calendar","status":"publish","type":"page","link":"https:\/\/uat.generations.edu.mo\/pt-pt\/school-calendar\/","title":{"rendered":"Calend\u00e1rio Escolar"},"content":{"rendered":"\n<p>O calend\u00e1rio escolar do GERA\u00c7\u00d5ES foi cuidadosamente concebido para proporcionar \u00e0s fam\u00edlias e aos alunos uma vis\u00e3o geral clara, m\u00eas a m\u00eas, das principais datas do ano letivo, garantindo um planeamento suave e uma participa\u00e7\u00e3o activa. Cada m\u00eas \u00e9 marcado por certos eventos, como orienta\u00e7\u00f5es, feriados, per\u00edodos de avalia\u00e7\u00e3o, celebra\u00e7\u00f5es culturais e atividades especiais que enriquecem a experi\u00eancia educacional. O calend\u00e1rio equilibra marcos acad\u00e9micos com oportunidades de bem-estar dos alunos, envolvimento da comunidade e envolvimento extracurricular, reflectindo o compromisso da escola com um ambiente de aprendizagem hol\u00edstico. Este calend\u00e1rio estruturado, mas flex\u00edvel, garante que todos os membros da comunidade GERA\u00c7\u00d5ES permane\u00e7am ligados entre si e informados durante todo o ano.<\/p>\n\n\n\n<figure class=\"wp-block-image size-full\"><img loading=\"lazy\" decoding=\"async\" width=\"2000\" height=\"1414\" src=\"https:\/\/generations-edu-mo.ap-south-1.linodeobjects.com\/wp-content\/uploads\/2025\/12\/3f3ea503_1766976062.jpg\" alt=\"\" class=\"wp-image-6700\" srcset=\"https:\/\/generations-edu-mo.ap-south-1.linodeobjects.com\/wp-content\/uploads\/2025\/12\/3f3ea503_1766976062.jpg 2000w, https:\/\/generations-edu-mo.ap-south-1.linodeobjects.com\/wp-content\/uploads\/2025\/12\/3f3ea503_1766976062-768x543.jpg 768w\" sizes=\"(max-width: 2000px) 100vw, 2000px\" \/><\/figure>\n\n\n\n<div class=\"wp-block-buttons is-vertical is-content-justification-center is-layout-flex wp-container-core-buttons-is-layout-1 wp-block-buttons-is-layout-flex\">\n<div class=\"wp-block-button\"><a class=\"wp-block-button__link wp-element-button\" href=\"https:\/\/generations-edu-mo.ap-south-1.linodeobjects.com\/wp-content\/uploads\/2025\/09\/4314af6f_1759126643.pdf\">Descarregue o Calend\u00e1rio do Ano Letivo 2025\/26<\/a><\/div>\n<\/div>\n","protected":false},"excerpt":{"rendered":"<p>O calend\u00e1rio escolar do GERA\u00c7\u00d5ES foi cuidadosamente concebido para proporcionar \u00e0s fam\u00edlias e aos alunos uma vis\u00e3o geral clara, m\u00eas a m\u00eas, das principais datas do ano letivo, garantindo um planeamento suave e uma participa\u00e7\u00e3o activa. Cada m\u00eas \u00e9 marcado por certos eventos, como orienta\u00e7\u00f5es, feriados, per\u00edodos de avalia\u00e7\u00e3o, celebra\u00e7\u00f5es culturais e atividades especiais que [&hellip;]<\/p>\n","protected":false},"author":1,"featured_media":0,"parent":0,"menu_order":0,"comment_status":"closed","ping_status":"closed","template":"school-calendar.php","meta":{"_acf_changed":false,"footnotes":""},"class_list":["post-1048","page","type-page","status-publish","hentry"],"acf":{"banner":""},"_links":{"self":[{"href":"https:\/\/uat.generations.edu.mo\/pt-pt\/wp-json\/wp\/v2\/pages\/1048"}],"collection":[{"href":"https:\/\/uat.generations.edu.mo\/pt-pt\/wp-json\/wp\/v2\/pages"}],"about":[{"href":"https:\/\/uat.generations.edu.mo\/pt-pt\/wp-json\/wp\/v2\/types\/page"}],"author":[{"embeddable":true,"href":"https:\/\/uat.generations.edu.mo\/pt-pt\/wp-json\/wp\/v2\/users\/1"}],"replies":[{"embeddable":true,"href":"https:\/\/uat.generations.edu.mo\/pt-pt\/wp-json\/wp\/v2\/comments?post=1048"}],"version-history":[{"count":10,"href":"https:\/\/uat.generations.edu.mo\/pt-pt\/wp-json\/wp\/v2\/pages\/1048\/revisions"}],"predecessor-version":[{"id":6704,"href":"https:\/\/uat.generations.edu.mo\/pt-pt\/wp-json\/wp\/v2\/pages\/1048\/revisions\/6704"}],"wp:attachment":[{"href":"https:\/\/uat.generations.edu.mo\/pt-pt\/wp-json\/wp\/v2\/media?parent=1048"}],"curies":[{"name":"wp","href":"https:\/\/api.w.org\/{rel}","templated":true}]}}