{"id":1020,"date":"2023-06-15T18:41:16","date_gmt":"2023-06-15T10:41:16","guid":{"rendered":"https:\/\/www.generations.edu.mo\/cultural-events-and-activities\/"},"modified":"2026-03-30T10:55:18","modified_gmt":"2026-03-30T02:55:18","slug":"cultural-events-and-activities","status":"publish","type":"page","link":"https:\/\/uat.generations.edu.mo\/pt-pt\/cultural-events-and-activities\/","title":{"rendered":"Atividades e Eventos Culturais"},"content":{"rendered":"\n<div class=\"wp-block-columns is-layout-flex wp-container-core-columns-is-layout-1 wp-block-columns-is-layout-flex\">\n<div class=\"wp-block-column is-layout-flow wp-block-column-is-layout-flow\">\n<p>A GERA\u00c7\u00d5ES oferece um programa rico e diversificado de actividades e eventos concebido para complementar a excel\u00eancia acad\u00e9mica com o necess\u00e1rio envolvimento social, cultural e f\u00edsico. A escola celebra o patrim\u00f3nio multicultural de Macau acolhendo uma grande variedade de festividades ao longo do ano, incluindo eventos culturais macaenses, celebra\u00e7\u00f5es tradicionais chinesas, o festival finland\u00eas de ver\u00e3o e festividades portuguesas dos Santos Populares. Esses eventos criam oportunidades animadas para estudantes e professores se apresentarem, participarem em bazares, eventos desportivos, exposi\u00e7\u00f5es e passeios comunit\u00e1rios, como piqueniques e viagens (quer regionais quer internacionais). O programa de actividades promove o bem-estar dos alunos, as compet\u00eancias sociais, a criatividade e a aprecia\u00e7\u00e3o cultural, ao mesmo tempo que refor\u00e7a o sentimento de perten\u00e7a e comunidade. Al\u00e9m disso, a GERA\u00c7\u00d5ES integra in\u00fameros clubes, esportes e iniciativas de desenvolvimento estudantil que capacitam os alunos a explorarem interesses, desenvolver capacidade de lideran\u00e7a e desenvolver a resili\u00eancia e a empatia essenciais para ter sucesso no mundo interligado de hoje.<\/p>\n<\/div>\n<\/div>\n\n\n\n<h2 class=\"wp-block-heading\">Celebra\u00e7\u00e3o do Ano Novo Chin\u00eas<\/h2>\n\n\n\n<figure class=\"wp-block-gallery has-nested-images columns-default is-cropped wp-block-gallery-1 is-layout-flex wp-block-gallery-is-layout-flex\">\n<figure class=\"wp-block-image size-large\"><img loading=\"lazy\" decoding=\"async\" width=\"2560\" height=\"1706\" data-id=\"9188\" src=\"https:\/\/generations-edu-mo.ap-south-1.linodeobjects.com\/wp-content\/uploads\/2026\/03\/5e5ff460_1774509272-scaled.jpg\" alt=\"\" class=\"wp-image-9188\" srcset=\"https:\/\/generations-edu-mo.ap-south-1.linodeobjects.com\/wp-content\/uploads\/2026\/03\/5e5ff460_1774509272-scaled.jpg 2560w, https:\/\/generations-edu-mo.ap-south-1.linodeobjects.com\/wp-content\/uploads\/2026\/03\/5e5ff460_1774509272-768x512.jpg 768w\" sizes=\"(max-width: 2560px) 100vw, 2560px\" \/><\/figure>\n\n\n\n<figure class=\"wp-block-image size-large\"><img loading=\"lazy\" decoding=\"async\" width=\"2560\" height=\"1706\" data-id=\"9179\" src=\"https:\/\/generations-edu-mo.ap-south-1.linodeobjects.com\/wp-content\/uploads\/2026\/03\/ffdc7da1_1774509259-scaled.jpg\" alt=\"\" class=\"wp-image-9179\" srcset=\"https:\/\/generations-edu-mo.ap-south-1.linodeobjects.com\/wp-content\/uploads\/2026\/03\/ffdc7da1_1774509259-scaled.jpg 2560w, https:\/\/generations-edu-mo.ap-south-1.linodeobjects.com\/wp-content\/uploads\/2026\/03\/ffdc7da1_1774509259-768x512.jpg 768w\" sizes=\"(max-width: 2560px) 100vw, 2560px\" \/><\/figure>\n\n\n\n<figure class=\"wp-block-image size-large\"><img loading=\"lazy\" decoding=\"async\" width=\"2560\" height=\"1706\" data-id=\"9175\" src=\"https:\/\/generations-edu-mo.ap-south-1.linodeobjects.com\/wp-content\/uploads\/2026\/03\/61b29827_1774509258-scaled.jpg\" alt=\"\" class=\"wp-image-9175\" srcset=\"https:\/\/generations-edu-mo.ap-south-1.linodeobjects.com\/wp-content\/uploads\/2026\/03\/61b29827_1774509258-scaled.jpg 2560w, https:\/\/generations-edu-mo.ap-south-1.linodeobjects.com\/wp-content\/uploads\/2026\/03\/61b29827_1774509258-768x512.jpg 768w\" sizes=\"(max-width: 2560px) 100vw, 2560px\" \/><\/figure>\n\n\n\n<figure class=\"wp-block-image size-large\"><img loading=\"lazy\" decoding=\"async\" width=\"2560\" height=\"1706\" data-id=\"9192\" src=\"https:\/\/generations-edu-mo.ap-south-1.linodeobjects.com\/wp-content\/uploads\/2026\/03\/8637e5fe_1774509282-scaled.jpg\" alt=\"\" class=\"wp-image-9192\" srcset=\"https:\/\/generations-edu-mo.ap-south-1.linodeobjects.com\/wp-content\/uploads\/2026\/03\/8637e5fe_1774509282-scaled.jpg 2560w, https:\/\/generations-edu-mo.ap-south-1.linodeobjects.com\/wp-content\/uploads\/2026\/03\/8637e5fe_1774509282-768x512.jpg 768w\" sizes=\"(max-width: 2560px) 100vw, 2560px\" \/><\/figure>\n<\/figure>\n\n\n\n<div style=\"height:25px\" aria-hidden=\"true\" class=\"wp-block-spacer\"><\/div>\n\n\n\n<h2 class=\"wp-block-heading\">Espect\u00e1culo de Natal e Bazaar de Caridade<\/h2>\n\n\n\n<figure class=\"wp-block-gallery has-nested-images columns-2 is-cropped wp-block-gallery-2 is-layout-flex wp-block-gallery-is-layout-flex\">\n<figure class=\"wp-block-image size-full\"><img loading=\"lazy\" decoding=\"async\" width=\"2048\" height=\"1365\" data-id=\"7496\" src=\"https:\/\/generations-edu-mo.ap-south-1.linodeobjects.com\/wp-content\/uploads\/2026\/01\/af0bfbb4_1767584856.jpg\" alt=\"\" class=\"wp-image-7496\" srcset=\"https:\/\/generations-edu-mo.ap-south-1.linodeobjects.com\/wp-content\/uploads\/2026\/01\/af0bfbb4_1767584856.jpg 2048w, https:\/\/generations-edu-mo.ap-south-1.linodeobjects.com\/wp-content\/uploads\/2026\/01\/af0bfbb4_1767584856-768x512.jpg 768w\" sizes=\"(max-width: 2048px) 100vw, 2048px\" \/><\/figure>\n\n\n\n<figure class=\"wp-block-image size-full\"><img loading=\"lazy\" decoding=\"async\" width=\"2048\" height=\"1365\" data-id=\"7500\" src=\"https:\/\/generations-edu-mo.ap-south-1.linodeobjects.com\/wp-content\/uploads\/2026\/01\/9d24d26a_1767584865.jpg\" alt=\"\" class=\"wp-image-7500\" srcset=\"https:\/\/generations-edu-mo.ap-south-1.linodeobjects.com\/wp-content\/uploads\/2026\/01\/9d24d26a_1767584865.jpg 2048w, https:\/\/generations-edu-mo.ap-south-1.linodeobjects.com\/wp-content\/uploads\/2026\/01\/9d24d26a_1767584865-768x512.jpg 768w\" sizes=\"(max-width: 2048px) 100vw, 2048px\" \/><\/figure>\n\n\n\n<figure class=\"wp-block-image size-full\"><img loading=\"lazy\" decoding=\"async\" width=\"2048\" height=\"1365\" data-id=\"7504\" src=\"https:\/\/generations-edu-mo.ap-south-1.linodeobjects.com\/wp-content\/uploads\/2026\/01\/9c5f30bd_1767584873.jpg\" alt=\"\" class=\"wp-image-7504\" srcset=\"https:\/\/generations-edu-mo.ap-south-1.linodeobjects.com\/wp-content\/uploads\/2026\/01\/9c5f30bd_1767584873.jpg 2048w, https:\/\/generations-edu-mo.ap-south-1.linodeobjects.com\/wp-content\/uploads\/2026\/01\/9c5f30bd_1767584873-768x512.jpg 768w\" sizes=\"(max-width: 2048px) 100vw, 2048px\" \/><\/figure>\n\n\n\n<figure class=\"wp-block-image size-full\"><img loading=\"lazy\" decoding=\"async\" width=\"2048\" height=\"1365\" data-id=\"7508\" src=\"https:\/\/generations-edu-mo.ap-south-1.linodeobjects.com\/wp-content\/uploads\/2026\/01\/0e4f1fb7_1767584880.jpg\" alt=\"\" class=\"wp-image-7508\" srcset=\"https:\/\/generations-edu-mo.ap-south-1.linodeobjects.com\/wp-content\/uploads\/2026\/01\/0e4f1fb7_1767584880.jpg 2048w, https:\/\/generations-edu-mo.ap-south-1.linodeobjects.com\/wp-content\/uploads\/2026\/01\/0e4f1fb7_1767584880-768x512.jpg 768w\" sizes=\"(max-width: 2048px) 100vw, 2048px\" \/><\/figure>\n\n\n\n<figure class=\"wp-block-image size-full\"><img loading=\"lazy\" decoding=\"async\" width=\"2048\" height=\"1365\" data-id=\"7520\" src=\"https:\/\/generations-edu-mo.ap-south-1.linodeobjects.com\/wp-content\/uploads\/2026\/01\/31d262e4_1767584914.jpg\" alt=\"\" class=\"wp-image-7520\" srcset=\"https:\/\/generations-edu-mo.ap-south-1.linodeobjects.com\/wp-content\/uploads\/2026\/01\/31d262e4_1767584914.jpg 2048w, https:\/\/generations-edu-mo.ap-south-1.linodeobjects.com\/wp-content\/uploads\/2026\/01\/31d262e4_1767584914-768x512.jpg 768w\" sizes=\"(max-width: 2048px) 100vw, 2048px\" \/><\/figure>\n\n\n\n<figure class=\"wp-block-image size-full\"><img loading=\"lazy\" decoding=\"async\" width=\"2048\" height=\"1365\" data-id=\"7695\" src=\"https:\/\/generations-edu-mo.ap-south-1.linodeobjects.com\/wp-content\/uploads\/2026\/01\/994ac373_1767672165.jpg\" alt=\"\" class=\"wp-image-7695\" srcset=\"https:\/\/generations-edu-mo.ap-south-1.linodeobjects.com\/wp-content\/uploads\/2026\/01\/994ac373_1767672165.jpg 2048w, https:\/\/generations-edu-mo.ap-south-1.linodeobjects.com\/wp-content\/uploads\/2026\/01\/994ac373_1767672165-768x512.jpg 768w\" sizes=\"(max-width: 2048px) 100vw, 2048px\" \/><\/figure>\n<\/figure>\n\n\n\n<div style=\"height:25px\" aria-hidden=\"true\" class=\"wp-block-spacer\"><\/div>\n\n\n\n<h2 class=\"wp-block-heading\">Festival &#8220;Mid- Autumn&#8221;<\/h2>\n\n\n\n<figure class=\"wp-block-gallery has-nested-images columns-default is-cropped wp-block-gallery-3 is-layout-flex wp-block-gallery-is-layout-flex\">\n<figure class=\"wp-block-image size-large\"><img loading=\"lazy\" decoding=\"async\" width=\"2048\" height=\"1365\" data-id=\"7492\" src=\"https:\/\/generations-edu-mo.ap-south-1.linodeobjects.com\/wp-content\/uploads\/2026\/01\/aa43b8b3_1767584810.jpg\" alt=\"\" class=\"wp-image-7492\" srcset=\"https:\/\/generations-edu-mo.ap-south-1.linodeobjects.com\/wp-content\/uploads\/2026\/01\/aa43b8b3_1767584810.jpg 2048w, https:\/\/generations-edu-mo.ap-south-1.linodeobjects.com\/wp-content\/uploads\/2026\/01\/aa43b8b3_1767584810-768x512.jpg 768w\" sizes=\"(max-width: 2048px) 100vw, 2048px\" \/><\/figure>\n\n\n\n<figure class=\"wp-block-image size-large\"><img loading=\"lazy\" decoding=\"async\" width=\"2048\" height=\"1365\" data-id=\"7484\" src=\"https:\/\/generations-edu-mo.ap-south-1.linodeobjects.com\/wp-content\/uploads\/2026\/01\/ae4123b5_1767584687.jpg\" alt=\"\" class=\"wp-image-7484\" srcset=\"https:\/\/generations-edu-mo.ap-south-1.linodeobjects.com\/wp-content\/uploads\/2026\/01\/ae4123b5_1767584687.jpg 2048w, https:\/\/generations-edu-mo.ap-south-1.linodeobjects.com\/wp-content\/uploads\/2026\/01\/ae4123b5_1767584687-768x512.jpg 768w\" sizes=\"(max-width: 2048px) 100vw, 2048px\" \/><\/figure>\n\n\n\n<figure class=\"wp-block-image size-large\"><img loading=\"lazy\" decoding=\"async\" width=\"2048\" height=\"1365\" data-id=\"7480\" src=\"https:\/\/generations-edu-mo.ap-south-1.linodeobjects.com\/wp-content\/uploads\/2026\/01\/eee54a26_1767584687.jpg\" alt=\"\" class=\"wp-image-7480\" srcset=\"https:\/\/generations-edu-mo.ap-south-1.linodeobjects.com\/wp-content\/uploads\/2026\/01\/eee54a26_1767584687.jpg 2048w, https:\/\/generations-edu-mo.ap-south-1.linodeobjects.com\/wp-content\/uploads\/2026\/01\/eee54a26_1767584687-768x512.jpg 768w\" sizes=\"(max-width: 2048px) 100vw, 2048px\" \/><\/figure>\n<\/figure>\n\n\n\n<div style=\"height:25px\" aria-hidden=\"true\" class=\"wp-block-spacer\"><\/div>\n\n\n\n<h2 class=\"wp-block-heading\">Halloween<\/h2>\n\n\n\n<figure class=\"wp-block-gallery has-nested-images columns-2 is-cropped wp-block-gallery-4 is-layout-flex wp-block-gallery-is-layout-flex\">\n<figure class=\"wp-block-image size-full\"><img loading=\"lazy\" decoding=\"async\" width=\"2560\" height=\"1707\" data-id=\"7440\" src=\"https:\/\/generations-edu-mo.ap-south-1.linodeobjects.com\/wp-content\/uploads\/2026\/01\/83b8949b_1767584070-scaled.jpg\" alt=\"\" class=\"wp-image-7440\" srcset=\"https:\/\/generations-edu-mo.ap-south-1.linodeobjects.com\/wp-content\/uploads\/2026\/01\/83b8949b_1767584070-scaled.jpg 2560w, https:\/\/generations-edu-mo.ap-south-1.linodeobjects.com\/wp-content\/uploads\/2026\/01\/83b8949b_1767584070-768x512.jpg 768w\" sizes=\"(max-width: 2560px) 100vw, 2560px\" \/><\/figure>\n\n\n\n<figure class=\"wp-block-image size-large\"><img loading=\"lazy\" decoding=\"async\" width=\"2560\" height=\"1707\" data-id=\"7472\" src=\"https:\/\/generations-edu-mo.ap-south-1.linodeobjects.com\/wp-content\/uploads\/2026\/01\/e50aec19_1767584425-scaled.jpg\" alt=\"\" class=\"wp-image-7472\" srcset=\"https:\/\/generations-edu-mo.ap-south-1.linodeobjects.com\/wp-content\/uploads\/2026\/01\/e50aec19_1767584425-scaled.jpg 2560w, https:\/\/generations-edu-mo.ap-south-1.linodeobjects.com\/wp-content\/uploads\/2026\/01\/e50aec19_1767584425-768x512.jpg 768w\" sizes=\"(max-width: 2560px) 100vw, 2560px\" \/><\/figure>\n\n\n\n<figure class=\"wp-block-image size-large\"><img loading=\"lazy\" decoding=\"async\" width=\"2560\" height=\"1707\" data-id=\"7476\" src=\"https:\/\/generations-edu-mo.ap-south-1.linodeobjects.com\/wp-content\/uploads\/2026\/01\/1e649b83_1767584437-scaled.jpg\" alt=\"\" class=\"wp-image-7476\" srcset=\"https:\/\/generations-edu-mo.ap-south-1.linodeobjects.com\/wp-content\/uploads\/2026\/01\/1e649b83_1767584437-scaled.jpg 2560w, https:\/\/generations-edu-mo.ap-south-1.linodeobjects.com\/wp-content\/uploads\/2026\/01\/1e649b83_1767584437-768x512.jpg 768w\" sizes=\"(max-width: 2560px) 100vw, 2560px\" \/><\/figure>\n\n\n\n<figure class=\"wp-block-image size-full\"><img loading=\"lazy\" decoding=\"async\" width=\"2560\" height=\"1707\" data-id=\"7444\" src=\"https:\/\/generations-edu-mo.ap-south-1.linodeobjects.com\/wp-content\/uploads\/2026\/01\/e42de84b_1767584260-scaled.jpg\" alt=\"\" class=\"wp-image-7444\" srcset=\"https:\/\/generations-edu-mo.ap-south-1.linodeobjects.com\/wp-content\/uploads\/2026\/01\/e42de84b_1767584260-scaled.jpg 2560w, https:\/\/generations-edu-mo.ap-south-1.linodeobjects.com\/wp-content\/uploads\/2026\/01\/e42de84b_1767584260-768x512.jpg 768w\" sizes=\"(max-width: 2560px) 100vw, 2560px\" \/><\/figure>\n\n\n\n<figure class=\"wp-block-image size-full\"><img loading=\"lazy\" decoding=\"async\" width=\"2560\" height=\"1707\" data-id=\"7436\" src=\"https:\/\/generations-edu-mo.ap-south-1.linodeobjects.com\/wp-content\/uploads\/2026\/01\/4fbf45ca_1767584021-scaled.jpg\" alt=\"\" class=\"wp-image-7436\" srcset=\"https:\/\/generations-edu-mo.ap-south-1.linodeobjects.com\/wp-content\/uploads\/2026\/01\/4fbf45ca_1767584021-scaled.jpg 2560w, https:\/\/generations-edu-mo.ap-south-1.linodeobjects.com\/wp-content\/uploads\/2026\/01\/4fbf45ca_1767584021-768x512.jpg 768w\" sizes=\"(max-width: 2560px) 100vw, 2560px\" \/><\/figure>\n\n\n\n<figure class=\"wp-block-image size-full\"><img loading=\"lazy\" decoding=\"async\" width=\"2560\" height=\"1707\" data-id=\"7432\" src=\"https:\/\/generations-edu-mo.ap-south-1.linodeobjects.com\/wp-content\/uploads\/2026\/01\/4b23819e_1767583906-scaled.jpg\" alt=\"\" class=\"wp-image-7432\" srcset=\"https:\/\/generations-edu-mo.ap-south-1.linodeobjects.com\/wp-content\/uploads\/2026\/01\/4b23819e_1767583906-scaled.jpg 2560w, https:\/\/generations-edu-mo.ap-south-1.linodeobjects.com\/wp-content\/uploads\/2026\/01\/4b23819e_1767583906-768x512.jpg 768w\" sizes=\"(max-width: 2560px) 100vw, 2560px\" \/><\/figure>\n\n\n\n<figure class=\"wp-block-image size-large\"><img loading=\"lazy\" decoding=\"async\" width=\"2560\" height=\"1707\" data-id=\"7448\" src=\"https:\/\/generations-edu-mo.ap-south-1.linodeobjects.com\/wp-content\/uploads\/2026\/01\/8f755ea0_1767584282-scaled.jpg\" alt=\"\" class=\"wp-image-7448\" srcset=\"https:\/\/generations-edu-mo.ap-south-1.linodeobjects.com\/wp-content\/uploads\/2026\/01\/8f755ea0_1767584282-scaled.jpg 2560w, https:\/\/generations-edu-mo.ap-south-1.linodeobjects.com\/wp-content\/uploads\/2026\/01\/8f755ea0_1767584282-768x512.jpg 768w\" sizes=\"(max-width: 2560px) 100vw, 2560px\" \/><\/figure>\n\n\n\n<figure class=\"wp-block-image size-large\"><img loading=\"lazy\" decoding=\"async\" width=\"2560\" height=\"1707\" data-id=\"7452\" src=\"https:\/\/generations-edu-mo.ap-south-1.linodeobjects.com\/wp-content\/uploads\/2026\/01\/1b4ed473_1767584339-scaled.jpg\" alt=\"\" class=\"wp-image-7452\" srcset=\"https:\/\/generations-edu-mo.ap-south-1.linodeobjects.com\/wp-content\/uploads\/2026\/01\/1b4ed473_1767584339-scaled.jpg 2560w, https:\/\/generations-edu-mo.ap-south-1.linodeobjects.com\/wp-content\/uploads\/2026\/01\/1b4ed473_1767584339-768x512.jpg 768w\" sizes=\"(max-width: 2560px) 100vw, 2560px\" \/><\/figure>\n\n\n\n<figure class=\"wp-block-image size-large\"><img loading=\"lazy\" decoding=\"async\" width=\"2560\" height=\"1707\" data-id=\"7456\" src=\"https:\/\/generations-edu-mo.ap-south-1.linodeobjects.com\/wp-content\/uploads\/2026\/01\/664ac118_1767584356-scaled.jpg\" alt=\"\" class=\"wp-image-7456\" srcset=\"https:\/\/generations-edu-mo.ap-south-1.linodeobjects.com\/wp-content\/uploads\/2026\/01\/664ac118_1767584356-scaled.jpg 2560w, https:\/\/generations-edu-mo.ap-south-1.linodeobjects.com\/wp-content\/uploads\/2026\/01\/664ac118_1767584356-768x512.jpg 768w\" sizes=\"(max-width: 2560px) 100vw, 2560px\" \/><\/figure>\n\n\n\n<figure class=\"wp-block-image size-large\"><img loading=\"lazy\" decoding=\"async\" width=\"2560\" height=\"1707\" data-id=\"7464\" src=\"https:\/\/generations-edu-mo.ap-south-1.linodeobjects.com\/wp-content\/uploads\/2026\/01\/63d5022b_1767584386-scaled.jpg\" alt=\"\" class=\"wp-image-7464\" srcset=\"https:\/\/generations-edu-mo.ap-south-1.linodeobjects.com\/wp-content\/uploads\/2026\/01\/63d5022b_1767584386-scaled.jpg 2560w, https:\/\/generations-edu-mo.ap-south-1.linodeobjects.com\/wp-content\/uploads\/2026\/01\/63d5022b_1767584386-768x512.jpg 768w\" sizes=\"(max-width: 2560px) 100vw, 2560px\" \/><\/figure>\n<\/figure>\n\n\n\n<div style=\"height:25px\" aria-hidden=\"true\" class=\"wp-block-spacer\"><\/div>\n\n\n\n<h2 class=\"wp-block-heading\">Outras Actividades<\/h2>\n\n\n\n<figure class=\"wp-block-gallery has-nested-images columns-3 is-cropped wp-block-gallery-5 is-layout-flex wp-block-gallery-is-layout-flex\">\n<figure class=\"wp-block-image size-large\"><a href=\"https:\/\/uat.generations.edu.mo\/beach-garbage\/\" target=\"_blank\" rel=\"noopener\"><img loading=\"lazy\" decoding=\"async\" width=\"1600\" height=\"1200\" data-id=\"4933\" src=\"https:\/\/generations-edu-mo.ap-south-1.linodeobjects.com\/wp-content\/uploads\/2025\/01\/deb62e30_1736416488.jpg\" alt=\"\" class=\"wp-image-4933\" srcset=\"https:\/\/generations-edu-mo.ap-south-1.linodeobjects.com\/wp-content\/uploads\/2025\/01\/deb62e30_1736416488.jpg 1600w, https:\/\/generations-edu-mo.ap-south-1.linodeobjects.com\/wp-content\/uploads\/2025\/01\/deb62e30_1736416488-768x576.jpg 768w\" sizes=\"(max-width: 1600px) 100vw, 1600px\" \/><\/a><figcaption class=\"wp-element-caption\"><a href=\"https:\/\/uat.generations.edu.mo\/beach-garbage\/\" data-type=\"page\" data-id=\"5527\">Beach Garbage<\/a><\/figcaption><\/figure>\n\n\n\n<figure class=\"wp-block-image size-large\"><img loading=\"lazy\" decoding=\"async\" width=\"2000\" height=\"1500\" data-id=\"4917\" src=\"https:\/\/generations-edu-mo.ap-south-1.linodeobjects.com\/wp-content\/uploads\/2025\/01\/2092cd7e_1736416458.jpg\" alt=\"\" class=\"wp-image-4917\" srcset=\"https:\/\/generations-edu-mo.ap-south-1.linodeobjects.com\/wp-content\/uploads\/2025\/01\/2092cd7e_1736416458.jpg 2000w, https:\/\/generations-edu-mo.ap-south-1.linodeobjects.com\/wp-content\/uploads\/2025\/01\/2092cd7e_1736416458-768x576.jpg 768w\" sizes=\"(max-width: 2000px) 100vw, 2000px\" \/><figcaption class=\"wp-element-caption\">Taipa Library<\/figcaption><\/figure>\n\n\n\n<figure class=\"wp-block-image size-large\"><img loading=\"lazy\" decoding=\"async\" width=\"1600\" height=\"1200\" data-id=\"4906\" src=\"https:\/\/generations-edu-mo.ap-south-1.linodeobjects.com\/wp-content\/uploads\/2025\/01\/8c7aacc6_1736416221.jpg\" alt=\"\" class=\"wp-image-4906\" srcset=\"https:\/\/generations-edu-mo.ap-south-1.linodeobjects.com\/wp-content\/uploads\/2025\/01\/8c7aacc6_1736416221.jpg 1600w, https:\/\/generations-edu-mo.ap-south-1.linodeobjects.com\/wp-content\/uploads\/2025\/01\/8c7aacc6_1736416221-768x576.jpg 768w\" sizes=\"(max-width: 1600px) 100vw, 1600px\" \/><figcaption class=\"wp-element-caption\">Trip to Barra District<\/figcaption><\/figure>\n\n\n\n<figure class=\"wp-block-image size-full\"><img loading=\"lazy\" decoding=\"async\" width=\"2560\" height=\"1707\" data-id=\"7536\" src=\"https:\/\/generations-edu-mo.ap-south-1.linodeobjects.com\/wp-content\/uploads\/2026\/01\/e27917c6_1767585137-scaled.jpg\" alt=\"\" class=\"wp-image-7536\" srcset=\"https:\/\/generations-edu-mo.ap-south-1.linodeobjects.com\/wp-content\/uploads\/2026\/01\/e27917c6_1767585137-scaled.jpg 2560w, https:\/\/generations-edu-mo.ap-south-1.linodeobjects.com\/wp-content\/uploads\/2026\/01\/e27917c6_1767585137-768x512.jpg 768w\" sizes=\"(max-width: 2560px) 100vw, 2560px\" \/><figcaption class=\"wp-element-caption\">Picnic Day<\/figcaption><\/figure>\n\n\n\n<figure class=\"wp-block-image size-full\"><img loading=\"lazy\" decoding=\"async\" width=\"2560\" height=\"1707\" data-id=\"7544\" src=\"https:\/\/generations-edu-mo.ap-south-1.linodeobjects.com\/wp-content\/uploads\/2026\/01\/683e7d51_1767585177-scaled.jpg\" alt=\"\" class=\"wp-image-7544\" srcset=\"https:\/\/generations-edu-mo.ap-south-1.linodeobjects.com\/wp-content\/uploads\/2026\/01\/683e7d51_1767585177-scaled.jpg 2560w, https:\/\/generations-edu-mo.ap-south-1.linodeobjects.com\/wp-content\/uploads\/2026\/01\/683e7d51_1767585177-768x512.jpg 768w\" sizes=\"(max-width: 2560px) 100vw, 2560px\" \/><figcaption class=\"wp-element-caption\">Police Orchestra<\/figcaption><\/figure>\n\n\n\n<figure class=\"wp-block-image size-large\"><img loading=\"lazy\" decoding=\"async\" width=\"1536\" height=\"2048\" data-id=\"4998\" src=\"https:\/\/generations-edu-mo.ap-south-1.linodeobjects.com\/wp-content\/uploads\/2025\/01\/49a5ab67_1736470855.jpg\" alt=\"\" class=\"wp-image-4998\" srcset=\"https:\/\/generations-edu-mo.ap-south-1.linodeobjects.com\/wp-content\/uploads\/2025\/01\/49a5ab67_1736470855.jpg 1536w, https:\/\/generations-edu-mo.ap-south-1.linodeobjects.com\/wp-content\/uploads\/2025\/01\/49a5ab67_1736470855-768x1024.jpg 768w\" sizes=\"(max-width: 1536px) 100vw, 1536px\" \/><figcaption class=\"wp-element-caption\">Ecoteca Mong Ha<\/figcaption><\/figure>\n\n\n\n<figure data-wp-context=\"{&quot;uploadedSrc&quot;:&quot;https:\\\/\\\/generations-edu-mo.ap-south-1.linodeobjects.com\\\/wp-content\\\/uploads\\\/2026\\\/01\\\/1375111c_1767600464.jpg&quot;,&quot;figureClassNames&quot;:&quot;wp-block-image size-full&quot;,&quot;figureStyles&quot;:null,&quot;imgClassNames&quot;:&quot;wp-image-7633&quot;,&quot;imgStyles&quot;:null,&quot;targetWidth&quot;:2048,&quot;targetHeight&quot;:1257,&quot;scaleAttr&quot;:false,&quot;ariaLabel&quot;:&quot;Ampliar imagem&quot;,&quot;alt&quot;:&quot;&quot;}\" data-wp-interactive=\"core\/image\" class=\"wp-block-image size-full wp-lightbox-container\"><img loading=\"lazy\" decoding=\"async\" width=\"2048\" height=\"1257\" data-wp-init=\"callbacks.setButtonStyles\" data-wp-on-async--click=\"actions.showLightbox\" data-wp-on-async--load=\"callbacks.setButtonStyles\" data-wp-on-async-window--resize=\"callbacks.setButtonStyles\" data-id=\"7633\" src=\"https:\/\/generations-edu-mo.ap-south-1.linodeobjects.com\/wp-content\/uploads\/2026\/01\/1375111c_1767600464.jpg\" alt=\"\" class=\"wp-image-7633\" srcset=\"https:\/\/generations-edu-mo.ap-south-1.linodeobjects.com\/wp-content\/uploads\/2026\/01\/1375111c_1767600464.jpg 2048w, https:\/\/generations-edu-mo.ap-south-1.linodeobjects.com\/wp-content\/uploads\/2026\/01\/1375111c_1767600464-768x471.jpg 768w\" sizes=\"(max-width: 2048px) 100vw, 2048px\" \/><button\n\t\t\tclass=\"lightbox-trigger\"\n\t\t\ttype=\"button\"\n\t\t\taria-haspopup=\"dialog\"\n\t\t\taria-label=\"Ampliar imagem\"\n\t\t\tdata-wp-init=\"callbacks.initTriggerButton\"\n\t\t\tdata-wp-on-async--click=\"actions.showLightbox\"\n\t\t\tdata-wp-style--right=\"context.imageButtonRight\"\n\t\t\tdata-wp-style--top=\"context.imageButtonTop\"\n\t\t>\n\t\t\t<svg xmlns=\"http:\/\/www.w3.org\/2000\/svg\" width=\"12\" height=\"12\" fill=\"none\" viewBox=\"0 0 12 12\">\n\t\t\t\t<path fill=\"#fff\" d=\"M2 0a2 2 0 0 0-2 2v2h1.5V2a.5.5 0 0 1 .5-.5h2V0H2Zm2 10.5H2a.5.5 0 0 1-.5-.5V8H0v2a2 2 0 0 0 2 2h2v-1.5ZM8 12v-1.5h2a.5.5 0 0 0 .5-.5V8H12v2a2 2 0 0 1-2 2H8Zm2-12a2 2 0 0 1 2 2v2h-1.5V2a.5.5 0 0 0-.5-.5H8V0h2Z\" \/>\n\t\t\t<\/svg>\n\t\t<\/button><figcaption class=\"wp-element-caption\">Pyjama Day<\/figcaption><\/figure>\n<\/figure>\n","protected":false},"excerpt":{"rendered":"<p>A GERA\u00c7\u00d5ES oferece um programa rico e diversificado de actividades e eventos concebido para complementar a excel\u00eancia acad\u00e9mica com o necess\u00e1rio envolvimento social, cultural e f\u00edsico. A escola celebra o patrim\u00f3nio multicultural de Macau acolhendo uma grande variedade de festividades ao longo do ano, incluindo eventos culturais macaenses, celebra\u00e7\u00f5es tradicionais chinesas, o festival finland\u00eas de [&hellip;]<\/p>\n","protected":false},"author":1,"featured_media":0,"parent":0,"menu_order":0,"comment_status":"closed","ping_status":"closed","template":"","meta":{"_acf_changed":false,"footnotes":""},"class_list":["post-1020","page","type-page","status-publish","hentry"],"acf":{"banner":""},"_links":{"self":[{"href":"https:\/\/uat.generations.edu.mo\/pt-pt\/wp-json\/wp\/v2\/pages\/1020"}],"collection":[{"href":"https:\/\/uat.generations.edu.mo\/pt-pt\/wp-json\/wp\/v2\/pages"}],"about":[{"href":"https:\/\/uat.generations.edu.mo\/pt-pt\/wp-json\/wp\/v2\/types\/page"}],"author":[{"embeddable":true,"href":"https:\/\/uat.generations.edu.mo\/pt-pt\/wp-json\/wp\/v2\/users\/1"}],"replies":[{"embeddable":true,"href":"https:\/\/uat.generations.edu.mo\/pt-pt\/wp-json\/wp\/v2\/comments?post=1020"}],"version-history":[{"count":10,"href":"https:\/\/uat.generations.edu.mo\/pt-pt\/wp-json\/wp\/v2\/pages\/1020\/revisions"}],"predecessor-version":[{"id":9213,"href":"https:\/\/uat.generations.edu.mo\/pt-pt\/wp-json\/wp\/v2\/pages\/1020\/revisions\/9213"}],"wp:attachment":[{"href":"https:\/\/uat.generations.edu.mo\/pt-pt\/wp-json\/wp\/v2\/media?parent=1020"}],"curies":[{"name":"wp","href":"https:\/\/api.w.org\/{rel}","templated":true}]}}