{"id":1008,"date":"2023-06-15T18:41:10","date_gmt":"2023-06-15T10:41:10","guid":{"rendered":"https:\/\/www.generations.edu.mo\/extra-curricular-activities\/"},"modified":"2026-02-26T15:23:03","modified_gmt":"2026-02-26T07:23:03","slug":"extra-curricular-activities","status":"publish","type":"page","link":"https:\/\/uat.generations.edu.mo\/pt-pt\/extra-curricular-activities\/","title":{"rendered":"Atividades Extracurriculares"},"content":{"rendered":"\n<div class=\"wp-block-columns is-layout-flex wp-container-core-columns-is-layout-1 wp-block-columns-is-layout-flex\">\n<div class=\"wp-block-column is-layout-flow wp-block-column-is-layout-flow\">\n<p>A GERA\u00c7\u00d5ES oferece um programa de atividades extracurriculares abrangente e enriquecedor, concebido para complementar o curr\u00edculo acad\u00e9mico e nutrir os diversos interesses e talentos de cada aluno. A escola oferece uma ampla gama de clubes desportivos, incluindo futebol e basquete, promovendo a aptid\u00e3o f\u00edsica, trabalho em equipe e vida saud\u00e1vel. Al\u00e9m do desporto, os alunos podem envolver-se em clubes sociais, culturais e acad\u00eamicos que promovem a criatividade, lideran\u00e7a e capacidades de relacionamento interpessoal, como sejam a banda musical, o clube de arte e o clube social GEM promovendo in\u00fameras atividades enquanto se expande o uso da l\u00edngua Inglesa. As actividades s\u00e3o cuidadosamente selecionadas para atender a diferentes faixas et\u00e1rias e n\u00edveis de profici\u00eancia, garantindo inclus\u00e3o e crescimento personalizado. O programa inclui ainda eventos especiais e campus sazonais, como a parceria com o Benfica Macau para treino de futebol e basquetebol, que inspiram os alunos a desafiarem-se a si pr\u00f3prios enquanto constroem a sua auto-confian\u00e7a e resili\u00eancia. Com uma equipa dedicada e uma comunidade de apoio, as ofertas extracurriculares da GERA\u00c7\u00d5ES capacitam os alunos a explorar suas paix\u00f5es, desenvolver novas habilidades e cultivar amizades ao longo da vida, contribuindo para seu desenvolvimento hol\u00edstico como cidad\u00e3os globais completos.<\/p>\n\n\n\n<figure class=\"wp-block-gallery has-nested-images columns-default is-cropped wp-block-gallery-1 is-layout-flex wp-block-gallery-is-layout-flex\">\n<figure class=\"wp-block-image size-large\"><img loading=\"lazy\" decoding=\"async\" width=\"2560\" height=\"1707\" src=\"https:\/\/generations-edu-mo.ap-south-1.linodeobjects.com\/wp-content\/uploads\/2026\/01\/8a2796da_1767671670-scaled.jpg\" alt=\"\" class=\"wp-image-7675\" srcset=\"https:\/\/generations-edu-mo.ap-south-1.linodeobjects.com\/wp-content\/uploads\/2026\/01\/8a2796da_1767671670-scaled.jpg 2560w, https:\/\/generations-edu-mo.ap-south-1.linodeobjects.com\/wp-content\/uploads\/2026\/01\/8a2796da_1767671670-768x512.jpg 768w\" sizes=\"(max-width: 2560px) 100vw, 2560px\" \/><figcaption class=\"wp-element-caption\">Roller Stake<\/figcaption><\/figure>\n\n\n\n<figure class=\"wp-block-image size-large\"><img loading=\"lazy\" decoding=\"async\" width=\"2560\" height=\"1707\" src=\"https:\/\/generations-edu-mo.ap-south-1.linodeobjects.com\/wp-content\/uploads\/2026\/01\/0db8aa1f_1767671667-scaled.jpg\" alt=\"\" class=\"wp-image-7671\" srcset=\"https:\/\/generations-edu-mo.ap-south-1.linodeobjects.com\/wp-content\/uploads\/2026\/01\/0db8aa1f_1767671667-scaled.jpg 2560w, https:\/\/generations-edu-mo.ap-south-1.linodeobjects.com\/wp-content\/uploads\/2026\/01\/0db8aa1f_1767671667-768x512.jpg 768w\" sizes=\"(max-width: 2560px) 100vw, 2560px\" \/><figcaption class=\"wp-element-caption\">DIY<\/figcaption><\/figure>\n\n\n\n<figure class=\"wp-block-image size-large\"><img loading=\"lazy\" decoding=\"async\" width=\"2560\" height=\"1707\" src=\"https:\/\/generations-edu-mo.ap-south-1.linodeobjects.com\/wp-content\/uploads\/2026\/01\/16f676e0_1767671677-scaled.jpg\" alt=\"\" class=\"wp-image-7679\" srcset=\"https:\/\/generations-edu-mo.ap-south-1.linodeobjects.com\/wp-content\/uploads\/2026\/01\/16f676e0_1767671677-scaled.jpg 2560w, https:\/\/generations-edu-mo.ap-south-1.linodeobjects.com\/wp-content\/uploads\/2026\/01\/16f676e0_1767671677-768x512.jpg 768w\" sizes=\"(max-width: 2560px) 100vw, 2560px\" \/><figcaption class=\"wp-element-caption\">Football<\/figcaption><\/figure>\n\n\n\n<figure class=\"wp-block-image size-large\"><img loading=\"lazy\" decoding=\"async\" width=\"2560\" height=\"1707\" src=\"https:\/\/generations-edu-mo.ap-south-1.linodeobjects.com\/wp-content\/uploads\/2026\/01\/987e729e_1767671665-scaled.jpg\" alt=\"\" class=\"wp-image-7659\" srcset=\"https:\/\/generations-edu-mo.ap-south-1.linodeobjects.com\/wp-content\/uploads\/2026\/01\/987e729e_1767671665-scaled.jpg 2560w, https:\/\/generations-edu-mo.ap-south-1.linodeobjects.com\/wp-content\/uploads\/2026\/01\/987e729e_1767671665-768x512.jpg 768w\" sizes=\"(max-width: 2560px) 100vw, 2560px\" \/><figcaption class=\"wp-element-caption\">Baking<\/figcaption><\/figure>\n\n\n\n<figure class=\"wp-block-image size-full\"><img loading=\"lazy\" decoding=\"async\" width=\"2560\" height=\"1707\" src=\"https:\/\/generations-edu-mo.ap-south-1.linodeobjects.com\/wp-content\/uploads\/2026\/01\/d32587ac_1767671666-scaled.jpg\" alt=\"\" class=\"wp-image-7667\" srcset=\"https:\/\/generations-edu-mo.ap-south-1.linodeobjects.com\/wp-content\/uploads\/2026\/01\/d32587ac_1767671666-scaled.jpg 2560w, https:\/\/generations-edu-mo.ap-south-1.linodeobjects.com\/wp-content\/uploads\/2026\/01\/d32587ac_1767671666-768x512.jpg 768w\" sizes=\"(max-width: 2560px) 100vw, 2560px\" \/><figcaption class=\"wp-element-caption\">Balloon<\/figcaption><\/figure>\n\n\n\n<figure class=\"wp-block-image size-large\"><img loading=\"lazy\" decoding=\"async\" width=\"2560\" height=\"1707\" src=\"https:\/\/generations-edu-mo.ap-south-1.linodeobjects.com\/wp-content\/uploads\/2026\/01\/a34c1260_1767671665-scaled.jpg\" alt=\"\" class=\"wp-image-7663\" srcset=\"https:\/\/generations-edu-mo.ap-south-1.linodeobjects.com\/wp-content\/uploads\/2026\/01\/a34c1260_1767671665-scaled.jpg 2560w, https:\/\/generations-edu-mo.ap-south-1.linodeobjects.com\/wp-content\/uploads\/2026\/01\/a34c1260_1767671665-768x512.jpg 768w\" sizes=\"(max-width: 2560px) 100vw, 2560px\" \/><figcaption class=\"wp-element-caption\">Water Colouring<\/figcaption><\/figure>\n<\/figure>\n<\/div>\n<\/div>\n","protected":false},"excerpt":{"rendered":"<p>A GERA\u00c7\u00d5ES oferece um programa de atividades extracurriculares abrangente e enriquecedor, concebido para complementar o curr\u00edculo acad\u00e9mico e nutrir os diversos interesses e talentos de cada aluno. A escola oferece uma ampla gama de clubes desportivos, incluindo futebol e basquete, promovendo a aptid\u00e3o f\u00edsica, trabalho em equipe e vida saud\u00e1vel. Al\u00e9m do desporto, os alunos [&hellip;]<\/p>\n","protected":false},"author":1,"featured_media":0,"parent":0,"menu_order":0,"comment_status":"closed","ping_status":"closed","template":"","meta":{"_acf_changed":false,"footnotes":""},"class_list":["post-1008","page","type-page","status-publish","hentry"],"acf":{"banner":""},"_links":{"self":[{"href":"https:\/\/uat.generations.edu.mo\/pt-pt\/wp-json\/wp\/v2\/pages\/1008"}],"collection":[{"href":"https:\/\/uat.generations.edu.mo\/pt-pt\/wp-json\/wp\/v2\/pages"}],"about":[{"href":"https:\/\/uat.generations.edu.mo\/pt-pt\/wp-json\/wp\/v2\/types\/page"}],"author":[{"embeddable":true,"href":"https:\/\/uat.generations.edu.mo\/pt-pt\/wp-json\/wp\/v2\/users\/1"}],"replies":[{"embeddable":true,"href":"https:\/\/uat.generations.edu.mo\/pt-pt\/wp-json\/wp\/v2\/comments?post=1008"}],"version-history":[{"count":6,"href":"https:\/\/uat.generations.edu.mo\/pt-pt\/wp-json\/wp\/v2\/pages\/1008\/revisions"}],"predecessor-version":[{"id":7927,"href":"https:\/\/uat.generations.edu.mo\/pt-pt\/wp-json\/wp\/v2\/pages\/1008\/revisions\/7927"}],"wp:attachment":[{"href":"https:\/\/uat.generations.edu.mo\/pt-pt\/wp-json\/wp\/v2\/media?parent=1008"}],"curies":[{"name":"wp","href":"https:\/\/api.w.org\/{rel}","templated":true}]}}